{"id":14984,"date":"2025-12-06T15:23:38","date_gmt":"2025-12-06T15:23:38","guid":{"rendered":"https:\/\/amzokulinar.ro\/?post_type=product&#038;p=14984"},"modified":"2025-12-12T08:15:19","modified_gmt":"2025-12-12T08:15:19","slug":"terra-madre-day","status":"publish","type":"product","link":"https:\/\/amzokulinar.ro\/en\/product\/terra-madre-day\/","title":{"rendered":"Terra Madre Day"},"content":{"rendered":"","protected":false},"excerpt":{"rendered":"<p style=\"text-align: center;\"><strong>Terra Madre Day<\/strong><\/p>\r\n<p style=\"padding-left: 40px;\">Vre\u021bi s\u0103 ave\u021bi parte de o experien\u021b\u0103 de neuitat?&nbsp;<\/p>\r\n<p style=\"padding-left: 40px;\">V\u0103 invit\u0103m \u00een data de<strong> 13 decembrie<\/strong> la loca\u021bia noastr\u0103 din S\u00e2nandrei, s\u0103 ne fi\u021bi al\u0103turi la un eveniment excep\u021bional.<\/p>\r\n<p style=\"padding-left: 40px;\">Culegem legume direct din gr\u0103din\u0103, g\u0103tim la foc deschis, iar doritorii beneficiaz\u0103 de o reducere de <strong>50%<\/strong> fa\u021b\u0103 de pre\u021burile magazinului virtual.&nbsp;<\/p>\r\n<p style=\"padding-left: 40px;\">&nbsp;V\u0103 a\u0219tept\u0103m!<\/p>","protected":false},"featured_media":15000,"comment_status":"open","ping_status":"closed","template":"","meta":{"ngg_post_thumbnail":0},"product_brand":[],"product_cat":[115,15],"product_tag":[],"class_list":{"0":"post-14984","1":"product","2":"type-product","3":"status-publish","4":"has-post-thumbnail","6":"product_cat-comenzi-speciale","7":"product_cat-eco","9":"first","10":"outofstock","11":"shipping-taxable","12":"purchasable","13":"product-type-simple"},"yoast_head":"<!-- This site is optimized with the Yoast SEO plugin v26.8 - https:\/\/yoast.com\/product\/yoast-seo-wordpress\/ -->\n<title>Terra Madre Day - AmzoKulinar<\/title>\n<meta name=\"robots\" content=\"index, follow, max-snippet:-1, max-image-preview:large, max-video-preview:-1\" \/>\n<link rel=\"canonical\" href=\"https:\/\/amzokulinar.ro\/en\/product\/terra-madre-day\/\" \/>\n<meta property=\"og:locale\" content=\"en_US\" \/>\n<meta property=\"og:type\" content=\"article\" \/>\n<meta property=\"og:title\" content=\"Terra Madre Day - AmzoKulinar\" \/>\n<meta property=\"og:description\" content=\"Terra Madre Day Vre\u021bi s\u0103 ave\u021bi parte de o experien\u021b\u0103 de neuitat?&nbsp; V\u0103 invit\u0103m \u00een data de 13 decembrie la loca\u021bia noastr\u0103 din S\u00e2nandrei, s\u0103 ne fi\u021bi al\u0103turi la un eveniment excep\u021bional. Culegem legume direct din gr\u0103din\u0103, g\u0103tim la foc deschis, iar doritorii beneficiaz\u0103 de o reducere de 50% fa\u021b\u0103 de pre\u021burile magazinului virtual.&nbsp; &nbsp;V\u0103 a\u0219tept\u0103m!\" \/>\n<meta property=\"og:url\" content=\"https:\/\/amzokulinar.ro\/en\/product\/terra-madre-day\/\" \/>\n<meta property=\"og:site_name\" content=\"AmzoKulinar\" \/>\n<meta property=\"article:modified_time\" content=\"2025-12-12T08:15:19+00:00\" \/>\n<meta property=\"og:image\" content=\"https:\/\/amzokulinar.ro\/wp-content\/uploads\/2025\/12\/Terra-post-fb-ig-ro.png\" \/>\n\t<meta property=\"og:image:width\" content=\"545\" \/>\n\t<meta property=\"og:image:height\" content=\"360\" \/>\n\t<meta property=\"og:image:type\" content=\"image\/png\" \/>\n<meta name=\"twitter:card\" content=\"summary_large_image\" \/>\n<meta name=\"twitter:label1\" content=\"Est. reading time\" \/>\n\t<meta name=\"twitter:data1\" content=\"1 minute\" \/>\n<script type=\"application\/ld+json\" class=\"yoast-schema-graph\">{\"@context\":\"https:\/\/schema.org\",\"@graph\":[{\"@type\":\"WebPage\",\"@id\":\"https:\/\/amzokulinar.ro\/produs\/terra-madre-day\/\",\"url\":\"https:\/\/amzokulinar.ro\/produs\/terra-madre-day\/\",\"name\":\"Terra Madre Day - AmzoKulinar\",\"isPartOf\":{\"@id\":\"https:\/\/amzokulinar.ro\/#website\"},\"primaryImageOfPage\":{\"@id\":\"https:\/\/amzokulinar.ro\/produs\/terra-madre-day\/#primaryimage\"},\"image\":{\"@id\":\"https:\/\/amzokulinar.ro\/produs\/terra-madre-day\/#primaryimage\"},\"thumbnailUrl\":\"https:\/\/amzokulinar.ro\/wp-content\/uploads\/2025\/12\/Terra-post-fb-ig-ro.png\",\"datePublished\":\"2025-12-06T15:23:38+00:00\",\"dateModified\":\"2025-12-12T08:15:19+00:00\",\"breadcrumb\":{\"@id\":\"https:\/\/amzokulinar.ro\/produs\/terra-madre-day\/#breadcrumb\"},\"inLanguage\":\"en-US\",\"potentialAction\":[{\"@type\":\"ReadAction\",\"target\":[\"https:\/\/amzokulinar.ro\/produs\/terra-madre-day\/\"]}]},{\"@type\":\"ImageObject\",\"inLanguage\":\"en-US\",\"@id\":\"https:\/\/amzokulinar.ro\/produs\/terra-madre-day\/#primaryimage\",\"url\":\"https:\/\/amzokulinar.ro\/wp-content\/uploads\/2025\/12\/Terra-post-fb-ig-ro.png\",\"contentUrl\":\"https:\/\/amzokulinar.ro\/wp-content\/uploads\/2025\/12\/Terra-post-fb-ig-ro.png\",\"width\":545,\"height\":360},{\"@type\":\"BreadcrumbList\",\"@id\":\"https:\/\/amzokulinar.ro\/produs\/terra-madre-day\/#breadcrumb\",\"itemListElement\":[{\"@type\":\"ListItem\",\"position\":1,\"name\":\"Prima pagin\u0103\",\"item\":\"https:\/\/amzokulinar.ro\/\"},{\"@type\":\"ListItem\",\"position\":2,\"name\":\"Magazin\",\"item\":\"https:\/\/amzokulinar.ro\/magazin\/\"},{\"@type\":\"ListItem\",\"position\":3,\"name\":\"Terra Madre Day\"}]},{\"@type\":\"WebSite\",\"@id\":\"https:\/\/amzokulinar.ro\/#website\",\"url\":\"https:\/\/amzokulinar.ro\/\",\"name\":\"AmzoKulinar\",\"description\":\"Arome din gr\u0103dina noastr\u0103\",\"publisher\":{\"@id\":\"https:\/\/amzokulinar.ro\/#organization\"},\"potentialAction\":[{\"@type\":\"SearchAction\",\"target\":{\"@type\":\"EntryPoint\",\"urlTemplate\":\"https:\/\/amzokulinar.ro\/?s={search_term_string}\"},\"query-input\":{\"@type\":\"PropertyValueSpecification\",\"valueRequired\":true,\"valueName\":\"search_term_string\"}}],\"inLanguage\":\"en-US\"},{\"@type\":\"Organization\",\"@id\":\"https:\/\/amzokulinar.ro\/#organization\",\"name\":\"AmzoKulinar\",\"url\":\"https:\/\/amzokulinar.ro\/\",\"logo\":{\"@type\":\"ImageObject\",\"inLanguage\":\"en-US\",\"@id\":\"https:\/\/amzokulinar.ro\/#\/schema\/logo\/image\/\",\"url\":\"https:\/\/amzokulinar.ro\/wp-content\/uploads\/2025\/07\/Amzo-site-500x100-copy.png\",\"contentUrl\":\"https:\/\/amzokulinar.ro\/wp-content\/uploads\/2025\/07\/Amzo-site-500x100-copy.png\",\"width\":500,\"height\":100,\"caption\":\"AmzoKulinar\"},\"image\":{\"@id\":\"https:\/\/amzokulinar.ro\/#\/schema\/logo\/image\/\"}}]}<\/script>\n<!-- \/ Yoast SEO plugin. -->","yoast_head_json":{"title":"Terra Madre Day - AmzoKulinar","robots":{"index":"index","follow":"follow","max-snippet":"max-snippet:-1","max-image-preview":"max-image-preview:large","max-video-preview":"max-video-preview:-1"},"canonical":"https:\/\/amzokulinar.ro\/en\/product\/terra-madre-day\/","og_locale":"en_US","og_type":"article","og_title":"Terra Madre Day - AmzoKulinar","og_description":"Terra Madre Day Vre\u021bi s\u0103 ave\u021bi parte de o experien\u021b\u0103 de neuitat?&nbsp; V\u0103 invit\u0103m \u00een data de 13 decembrie la loca\u021bia noastr\u0103 din S\u00e2nandrei, s\u0103 ne fi\u021bi al\u0103turi la un eveniment excep\u021bional. Culegem legume direct din gr\u0103din\u0103, g\u0103tim la foc deschis, iar doritorii beneficiaz\u0103 de o reducere de 50% fa\u021b\u0103 de pre\u021burile magazinului virtual.&nbsp; &nbsp;V\u0103 a\u0219tept\u0103m!","og_url":"https:\/\/amzokulinar.ro\/en\/product\/terra-madre-day\/","og_site_name":"AmzoKulinar","article_modified_time":"2025-12-12T08:15:19+00:00","og_image":[{"width":545,"height":360,"url":"https:\/\/amzokulinar.ro\/wp-content\/uploads\/2025\/12\/Terra-post-fb-ig-ro.png","type":"image\/png"}],"twitter_card":"summary_large_image","twitter_misc":{"Est. reading time":"1 minute"},"schema":{"@context":"https:\/\/schema.org","@graph":[{"@type":"WebPage","@id":"https:\/\/amzokulinar.ro\/produs\/terra-madre-day\/","url":"https:\/\/amzokulinar.ro\/produs\/terra-madre-day\/","name":"Terra Madre Day - AmzoKulinar","isPartOf":{"@id":"https:\/\/amzokulinar.ro\/#website"},"primaryImageOfPage":{"@id":"https:\/\/amzokulinar.ro\/produs\/terra-madre-day\/#primaryimage"},"image":{"@id":"https:\/\/amzokulinar.ro\/produs\/terra-madre-day\/#primaryimage"},"thumbnailUrl":"https:\/\/amzokulinar.ro\/wp-content\/uploads\/2025\/12\/Terra-post-fb-ig-ro.png","datePublished":"2025-12-06T15:23:38+00:00","dateModified":"2025-12-12T08:15:19+00:00","breadcrumb":{"@id":"https:\/\/amzokulinar.ro\/produs\/terra-madre-day\/#breadcrumb"},"inLanguage":"en-US","potentialAction":[{"@type":"ReadAction","target":["https:\/\/amzokulinar.ro\/produs\/terra-madre-day\/"]}]},{"@type":"ImageObject","inLanguage":"en-US","@id":"https:\/\/amzokulinar.ro\/produs\/terra-madre-day\/#primaryimage","url":"https:\/\/amzokulinar.ro\/wp-content\/uploads\/2025\/12\/Terra-post-fb-ig-ro.png","contentUrl":"https:\/\/amzokulinar.ro\/wp-content\/uploads\/2025\/12\/Terra-post-fb-ig-ro.png","width":545,"height":360},{"@type":"BreadcrumbList","@id":"https:\/\/amzokulinar.ro\/produs\/terra-madre-day\/#breadcrumb","itemListElement":[{"@type":"ListItem","position":1,"name":"Prima pagin\u0103","item":"https:\/\/amzokulinar.ro\/"},{"@type":"ListItem","position":2,"name":"Magazin","item":"https:\/\/amzokulinar.ro\/magazin\/"},{"@type":"ListItem","position":3,"name":"Terra Madre Day"}]},{"@type":"WebSite","@id":"https:\/\/amzokulinar.ro\/#website","url":"https:\/\/amzokulinar.ro\/","name":"AmzoKulinar","description":"Flavours from our garden","publisher":{"@id":"https:\/\/amzokulinar.ro\/#organization"},"potentialAction":[{"@type":"SearchAction","target":{"@type":"EntryPoint","urlTemplate":"https:\/\/amzokulinar.ro\/?s={search_term_string}"},"query-input":{"@type":"PropertyValueSpecification","valueRequired":true,"valueName":"search_term_string"}}],"inLanguage":"en-US"},{"@type":"Organization","@id":"https:\/\/amzokulinar.ro\/#organization","name":"AmzoKulinar","url":"https:\/\/amzokulinar.ro\/","logo":{"@type":"ImageObject","inLanguage":"en-US","@id":"https:\/\/amzokulinar.ro\/#\/schema\/logo\/image\/","url":"https:\/\/amzokulinar.ro\/wp-content\/uploads\/2025\/07\/Amzo-site-500x100-copy.png","contentUrl":"https:\/\/amzokulinar.ro\/wp-content\/uploads\/2025\/07\/Amzo-site-500x100-copy.png","width":500,"height":100,"caption":"AmzoKulinar"},"image":{"@id":"https:\/\/amzokulinar.ro\/#\/schema\/logo\/image\/"}}]}},"_links":{"self":[{"href":"https:\/\/amzokulinar.ro\/en\/wp-json\/wp\/v2\/product\/14984","targetHints":{"allow":["GET"]}}],"collection":[{"href":"https:\/\/amzokulinar.ro\/en\/wp-json\/wp\/v2\/product"}],"about":[{"href":"https:\/\/amzokulinar.ro\/en\/wp-json\/wp\/v2\/types\/product"}],"replies":[{"embeddable":true,"href":"https:\/\/amzokulinar.ro\/en\/wp-json\/wp\/v2\/comments?post=14984"}],"wp:featuredmedia":[{"embeddable":true,"href":"https:\/\/amzokulinar.ro\/en\/wp-json\/wp\/v2\/media\/15000"}],"wp:attachment":[{"href":"https:\/\/amzokulinar.ro\/en\/wp-json\/wp\/v2\/media?parent=14984"}],"wp:term":[{"taxonomy":"product_brand","embeddable":true,"href":"https:\/\/amzokulinar.ro\/en\/wp-json\/wp\/v2\/product_brand?post=14984"},{"taxonomy":"product_cat","embeddable":true,"href":"https:\/\/amzokulinar.ro\/en\/wp-json\/wp\/v2\/product_cat?post=14984"},{"taxonomy":"product_tag","embeddable":true,"href":"https:\/\/amzokulinar.ro\/en\/wp-json\/wp\/v2\/product_tag?post=14984"}],"curies":[{"name":"wp","href":"https:\/\/api.w.org\/{rel}","templated":true}]}}