{"id":14557,"date":"2025-06-26T06:17:53","date_gmt":"2025-06-26T06:17:53","guid":{"rendered":"https:\/\/amzokulinar.ro\/?page_id=14557"},"modified":"2025-07-05T07:23:21","modified_gmt":"2025-07-05T07:23:21","slug":"magazin-online","status":"publish","type":"page","link":"https:\/\/amzokulinar.ro\/en\/magazin-online\/","title":{"rendered":"ONLINE SHOP"},"content":{"rendered":"<div class=\"wp-block-spacer\" style=\"height: 60px;\" aria-hidden=\"true\">&nbsp;<\/div>\r\n\r\n\r\n\r\n<div class=\"wp-block-spacer\" style=\"height: 48px;\" aria-hidden=\"true\">&nbsp;<\/div>\r\n\r\n\r\n<p><center><\/p>\r\n<h4 style=\"color: blue;\"><a href=\"\/en\/product-category\/aromatice\/\">Aromatics<\/a> | <a href=\"\/en\/product-category\/boabe\/\">Beans<\/a> | <a href=\"\/en\/product-category\/bostanoase\/\">Pumpkins<\/a> | <a href=\"\/en\/product-category\/cartofi\/\">Potatoes<\/a> | <a href=\"\/en\/product-category\/frunzoase\/\">Leafy<\/a> | <a href=\"\/en\/product-category\/pastai\/\">Pods<\/a> | <a href=\"\/en\/product-category\/radacinoase\/\">Root Vegetables<\/a> | <a href=\"\/en\/product-category\/tomate\/\">Tomatoes<\/a> | <a href=\"\/en\/product-category\/fructe\/\">Fruits<\/a> | <a href=\"\/en\/product-category\/miere\/\">Honey<\/a> | <a href=\"\/en\/product-category\/comenzi-speciale\/\">Special Orders<\/a><\/h4>\r\n<p><\/center><\/p>\r\n<p>&nbsp;<\/p>\r\n\r\n\r\n<h2 class=\"wp-block-heading has-text-align-center\" id=\"your-favorite-products\">Our products<\/h2>\r\n\r\n\r\n\n\t<div id=\"divider-mb-block-a944f1a6-8183-4279-97d4-1173028b5fd4\" class=\"divider-block divider-center divider-vertical\"><\/div>\n\n\r\n\r\n<div  class=\"dgwt-wcas-search-wrapp dgwt-wcas-has-submit woocommerce dgwt-wcas-style-pirx js-dgwt-wcas-layout-classic dgwt-wcas-layout-classic js-dgwt-wcas-mobile-overlay-enabled\">\n\t\t<form class=\"dgwt-wcas-search-form\" role=\"search\" action=\"https:\/\/amzokulinar.ro\/en\/\" method=\"get\" data-trp-original-action=\"https:\/\/amzokulinar.ro\/en\/\">\n\t\t<div class=\"dgwt-wcas-sf-wrapp\">\n\t\t\t\t\t\t<label class=\"screen-reader-text\"\n\t\t\t\tfor=\"dgwt-wcas-search-input-1\">\n\t\t\t\tProducts search\t\t\t<\/label>\n\n\t\t\t<input\n\t\t\t\tid=\"dgwt-wcas-search-input-1\"\n\t\t\t\ttype=\"search\"\n\t\t\t\tclass=\"dgwt-wcas-search-input\"\n\t\t\t\tname=\"s\"\n\t\t\t\tvalue=\"\"\n\t\t\t\tplaceholder=\"search\"\n\t\t\t\tautocomplete=\"off\"\n\t\t\t\t\t\t\t\/>\n\t\t\t<div class=\"dgwt-wcas-preloader\"><\/div>\n\n\t\t\t<div class=\"dgwt-wcas-voice-search\"><\/div>\n\n\t\t\t\t\t\t\t<button type=\"submit\"\n\t\t\t\t\t\taria-label=\"Search\"\n\t\t\t\t\t\tclass=\"dgwt-wcas-search-submit\">\t\t\t\t<svg\n\t\t\t\t\tclass=\"dgwt-wcas-ico-magnifier\" xmlns=\"http:\/\/www.w3.org\/2000\/svg\" width=\"18\" height=\"18\" viewbox=\"0 0 18 18\">\n\t\t\t\t\t<path  d=\" M 16.722523,17.901412 C 16.572585,17.825208 15.36088,16.670476 14.029846,15.33534 L 11.609782,12.907819 11.01926,13.29667 C 8.7613237,14.783493 5.6172703,14.768302 3.332423,13.259528 -0.07366363,11.010358 -1.0146502,6.5989684 1.1898146,3.2148776\t\t\t\t\t1.5505179,2.6611594 2.4056498,1.7447266 2.9644271,1.3130497 3.4423015,0.94387379 4.3921825,0.48568469 5.1732652,0.2475835 5.886299,0.03022609 6.1341883,0 7.2037391,0 8.2732897,0 8.521179,0.03022609 9.234213,0.2475835 c 0.781083,0.23810119 1.730962,0.69629029 2.208837,1.0654662\t\t\t\t\t0.532501,0.4113763 1.39922,1.3400096 1.760153,1.8858877 1.520655,2.2998531 1.599025,5.3023778 0.199549,7.6451086 -0.208076,0.348322 -0.393306,0.668209 -0.411622,0.710863 -0.01831,0.04265 1.065556,1.18264 2.408603,2.533307 1.343046,1.350666 2.486621,2.574792 2.541278,2.720279 0.282475,0.7519\t\t\t\t\t-0.503089,1.456506 -1.218488,1.092917 z M 8.4027892,12.475062 C 9.434946,12.25579 10.131043,11.855461 10.99416,10.984753 11.554519,10.419467 11.842507,10.042366 12.062078,9.5863882 12.794223,8.0659672 12.793657,6.2652398 12.060578,4.756293 11.680383,3.9737304 10.453587,2.7178427\t\t\t\t\t9.730569,2.3710306 8.6921295,1.8729196 8.3992147,1.807606 7.2037567,1.807606 6.0082984,1.807606 5.7153841,1.87292 4.6769446,2.3710306 3.9539263,2.7178427 2.7271301,3.9737304 2.3469352,4.756293 1.6138384,6.2652398 1.6132726,8.0659672 2.3454252,9.5863882 c 0.4167354,0.8654208 1.5978784,2.0575608\t\t\t\t\t2.4443766,2.4671358 1.0971012,0.530827 2.3890403,0.681561 3.6130134,0.421538 z\t\t\t\t\t\"\/>\n\t\t\t\t<\/svg>\n\t\t\t\t<\/button>\n\t\t\t\n\t\t\t<input type=\"hidden\" name=\"post_type\" value=\"product\"\/>\n\t\t\t<input type=\"hidden\" name=\"dgwt_wcas\" value=\"1\"\/>\n\n\t\t\t\n\t\t\t\t\t<\/div>\n\t<input type=\"hidden\" name=\"trp-form-language\" value=\"en\"\/><\/form>\n<\/div>\n\r\n\r\n\r\n<div class=\"wp-block-columns alignwide is-layout-flex wp-container-core-columns-is-layout-9d6595d7 wp-block-columns-is-layout-flex\">\r\n<div class=\"wp-block-column is-layout-flow wp-block-column-is-layout-flow\" style=\"flex-basis:20%\">\r\n<div data-block-name=\"woocommerce\/filter-wrapper\" data-filter-type=\"stock-filter\" data-heading=\"Filtreaz\u0103 dup\u0103 stare stoc\" class=\"wp-block-woocommerce-filter-wrapper\">\r\n<h3 class=\"wp-block-heading\">Filter by stock<\/h3>\r\n\r\n\r\n\r\n<div data-block-name=\"woocommerce\/stock-filter\" data-heading=\"\" data-lock=\"{&quot;remove&quot;:true}\" class=\"wp-block-woocommerce-stock-filter is-loading\">&nbsp;<\/div>\r\n<\/div>\r\n\r\n\r\n\r\n<div data-block-name=\"woocommerce\/filter-wrapper\" data-filter-type=\"attribute-filter\" data-heading=\"Filtreaz\u0103 dup\u0103 atribute\" class=\"wp-block-woocommerce-filter-wrapper\">\r\n<h3 class=\"wp-block-heading\">Filter by delivery capacity<\/h3>\r\n\r\n\r\n\r\n<div data-attribute-id=\"3\" data-block-name=\"woocommerce\/attribute-filter\" data-heading=\"\" data-lock=\"{&quot;remove&quot;:true}\" class=\"wp-block-woocommerce-attribute-filter is-loading\">&nbsp;<\/div>\r\n<\/div>\r\n\r\n\r\n\r\n<div data-block-name=\"woocommerce\/filter-wrapper\" data-filter-type=\"price-filter\" data-heading=\"Filtreaz\u0103 dup\u0103 pre\u021b\" class=\"wp-block-woocommerce-filter-wrapper\">\r\n<h3 class=\"wp-block-heading\">Filter by price<\/h3>\r\n\r\n\r\n\r\n<div data-block-name=\"woocommerce\/price-filter\" data-heading=\"\" data-lock=\"{&quot;remove&quot;:true}\" class=\"wp-block-woocommerce-price-filter is-loading\">&nbsp;<\/div>\r\n<\/div>\r\n<\/div>\r\n\r\n\r\n\r\n<div class=\"wp-block-column is-layout-flow wp-block-column-is-layout-flow\" style=\"flex-basis:80%\">\r\n<div data-align-buttons=\"false\" data-block-name=\"woocommerce\/all-products\" data-columns=\"4\" data-content-visibility=\"{&quot;orderBy&quot;:true}\" data-layout-config=\"[[&quot;woocommerce\\\/product-image&quot;,{&quot;showProductLink&quot;:true,&quot;showSaleBadge&quot;:true,&quot;saleBadgeAlign&quot;:&quot;right&quot;,&quot;imageSizing&quot;:&quot;thumbnail&quot;,&quot;productId&quot;:0,&quot;isDescendentOfQueryLoop&quot;:false,&quot;isDescendentOfSingleProductBlock&quot;:false,&quot;scale&quot;:&quot;cover&quot;,&quot;children&quot;:[],&quot;isDescendantOfAllProducts&quot;:true}],[&quot;woocommerce\\\/product-title&quot;,{&quot;headingLevel&quot;:2,&quot;showProductLink&quot;:true,&quot;productId&quot;:0,&quot;fontSize&quot;:&quot;medium&quot;,&quot;style&quot;:{&quot;typography&quot;:{&quot;textTransform&quot;:&quot;uppercase&quot;}},&quot;children&quot;:[],&quot;isDescendantOfAllProducts&quot;:true}],[&quot;woocommerce\\\/product-price&quot;,{&quot;productId&quot;:0,&quot;isDescendentOfQueryLoop&quot;:false,&quot;textAlign&quot;:&quot;&quot;,&quot;isDescendentOfSingleProductTemplate&quot;:false,&quot;isDescendentOfSingleProductBlock&quot;:false,&quot;fontSize&quot;:&quot;normal&quot;,&quot;children&quot;:[],&quot;isDescendantOfAllProducts&quot;:true}],[&quot;woocommerce\\\/product-rating&quot;,{&quot;productId&quot;:0,&quot;isDescendentOfQueryLoop&quot;:false,&quot;textAlign&quot;:&quot;&quot;,&quot;isDescendentOfSingleProductBlock&quot;:false,&quot;isDescendentOfSingleProductTemplate&quot;:false,&quot;children&quot;:[],&quot;isDescendantOfAllProducts&quot;:true}],[&quot;woocommerce\\\/product-button&quot;,{&quot;productId&quot;:0,&quot;textAlign&quot;:&quot;&quot;,&quot;isDescendentOfSingleProductBlock&quot;:false,&quot;isDescendentOfQueryLoop&quot;:false,&quot;children&quot;:[],&quot;className&quot;:&quot;&quot;,&quot;isDescendantOfAllProducts&quot;:true}]]\" data-orderby=\"rating\" data-rows=\"20\" class=\"wp-block-woocommerce-all-products wc-block-all-products\" data-attributes=\"{&quot;alignButtons&quot;:false,&quot;columns&quot;:4,&quot;contentVisibility&quot;:{&quot;orderBy&quot;:true},&quot;isPreview&quot;:false,&quot;layoutConfig&quot;:[[&quot;woocommerce\/product-image&quot;,{&quot;showProductLink&quot;:true,&quot;showSaleBadge&quot;:true,&quot;saleBadgeAlign&quot;:&quot;right&quot;,&quot;imageSizing&quot;:&quot;thumbnail&quot;,&quot;productId&quot;:0,&quot;isDescendentOfQueryLoop&quot;:false,&quot;isDescendentOfSingleProductBlock&quot;:false,&quot;scale&quot;:&quot;cover&quot;,&quot;children&quot;:[],&quot;isDescendantOfAllProducts&quot;:true}],[&quot;woocommerce\/product-title&quot;,{&quot;headingLevel&quot;:2,&quot;showProductLink&quot;:true,&quot;productId&quot;:0,&quot;fontSize&quot;:&quot;medium&quot;,&quot;style&quot;:{&quot;typography&quot;:{&quot;textTransform&quot;:&quot;uppercase&quot;}},&quot;children&quot;:[],&quot;isDescendantOfAllProducts&quot;:true}],[&quot;woocommerce\/product-price&quot;,{&quot;productId&quot;:0,&quot;isDescendentOfQueryLoop&quot;:false,&quot;textAlign&quot;:&quot;&quot;,&quot;isDescendentOfSingleProductTemplate&quot;:false,&quot;isDescendentOfSingleProductBlock&quot;:false,&quot;fontSize&quot;:&quot;normal&quot;,&quot;children&quot;:[],&quot;isDescendantOfAllProducts&quot;:true}],[&quot;woocommerce\/product-rating&quot;,{&quot;productId&quot;:0,&quot;isDescendentOfQueryLoop&quot;:false,&quot;textAlign&quot;:&quot;&quot;,&quot;isDescendentOfSingleProductBlock&quot;:false,&quot;isDescendentOfSingleProductTemplate&quot;:false,&quot;children&quot;:[],&quot;isDescendantOfAllProducts&quot;:true}],[&quot;woocommerce\/product-button&quot;,{&quot;productId&quot;:0,&quot;textAlign&quot;:&quot;&quot;,&quot;isDescendentOfSingleProductBlock&quot;:false,&quot;isDescendentOfQueryLoop&quot;:false,&quot;children&quot;:[],&quot;className&quot;:&quot;&quot;,&quot;isDescendantOfAllProducts&quot;:true}]],&quot;openPopupId&quot;:&quot;&quot;,&quot;orderby&quot;:&quot;rating&quot;,&quot;rows&quot;:20}\">\r\n\r\n\r\n<div data-block-name=\"woocommerce\/product-title\" data-font-size=\"medium\" data-style=\"{&quot;typography&quot;:{&quot;textTransform&quot;:&quot;uppercase&quot;}}\" class=\"wp-block-woocommerce-product-title is-loading has-medium-font-size\" style=\"text-transform: uppercase;\">&nbsp;<\/div>\r\n\r\n\r\n\r\n<div data-block-name=\"woocommerce\/product-price\" data-font-size=\"normal\" class=\"is-loading\">&nbsp;<\/div>\r\n\r\n\r\n\r\n<div data-block-name=\"woocommerce\/product-rating\" class=\"is-loading\">&nbsp;<\/div>\r\n\r\n\r\n<\/div>\r\n<\/div>\r\n<\/div>\r\n\r\n\r\n\r\n<div class=\"wp-block-columns is-layout-flex wp-container-core-columns-is-layout-9d6595d7 wp-block-columns-is-layout-flex\">\r\n<div class=\"wp-block-column is-layout-flow wp-block-column-is-layout-flow\" style=\"flex-basis: 100%;\">&nbsp;<\/div>\r\n<\/div>\r\n\r\n\r\n\r\n<div class=\"wp-block-spacer\" style=\"height: 86px;\" aria-hidden=\"true\">&nbsp;<\/div>\r\n\r\n\r\n\r\n<div class=\"wp-block-spacer\" style=\"height: 120px;\" aria-hidden=\"true\">&nbsp;<\/div>\r\n\r\n\r\n\r\n<div class=\"wp-block-buttons is-content-justification-center is-layout-flex wp-container-core-buttons-is-layout-16018d1d wp-block-buttons-is-layout-flex\"><\/div>\r\n\r\n\r\n\r\n<div class=\"wp-block-spacer\" style=\"height: 100px;\" aria-hidden=\"true\">&nbsp;<\/div>","protected":false},"excerpt":{"rendered":"&nbsp; &nbsp; Aromatice | Boabe | Bost\u0103noase | Cartofi | Frunzoase |","protected":false},"author":1,"featured_media":0,"parent":0,"menu_order":45,"comment_status":"closed","ping_status":"closed","template":"","meta":{"ngg_post_thumbnail":0,"footnotes":""},"class_list":["post-14557","page","type-page","status-publish","hentry"],"yoast_head":"<!-- This site is optimized with the Yoast SEO plugin v26.8 - https:\/\/yoast.com\/product\/yoast-seo-wordpress\/ -->\n<title>Magazin Online - AmzoKulinar<\/title>\n<meta name=\"description\" content=\"\u00cen gr\u0103dina AmzoKulinar legumele \u00ee\u0219i p\u0103streaz\u0103 aromele \u0219i vitaminele necesare unui stil de via\u021b\u0103 s\u0103n\u0103tos.\" \/>\n<meta name=\"robots\" content=\"index, follow, max-snippet:-1, max-image-preview:large, max-video-preview:-1\" \/>\n<link rel=\"canonical\" href=\"https:\/\/amzokulinar.ro\/en\/magazin-online\/\" \/>\n<meta property=\"og:locale\" content=\"en_US\" \/>\n<meta property=\"og:type\" content=\"article\" \/>\n<meta property=\"og:title\" content=\"Magazin Online - AmzoKulinar\" \/>\n<meta property=\"og:description\" content=\"\u00cen gr\u0103dina AmzoKulinar legumele \u00ee\u0219i p\u0103streaz\u0103 aromele \u0219i vitaminele necesare unui stil de via\u021b\u0103 s\u0103n\u0103tos.\" \/>\n<meta property=\"og:url\" content=\"https:\/\/amzokulinar.ro\/en\/magazin-online\/\" \/>\n<meta property=\"og:site_name\" content=\"AmzoKulinar\" \/>\n<meta property=\"article:modified_time\" content=\"2025-07-05T07:23:21+00:00\" \/>\n<meta name=\"twitter:card\" content=\"summary_large_image\" \/>\n<meta name=\"twitter:label1\" content=\"Est. reading time\" \/>\n\t<meta name=\"twitter:data1\" content=\"1 minute\" \/>\n<script type=\"application\/ld+json\" class=\"yoast-schema-graph\">{\"@context\":\"https:\/\/schema.org\",\"@graph\":[{\"@type\":\"WebPage\",\"@id\":\"https:\/\/amzokulinar.ro\/magazin-online\/\",\"url\":\"https:\/\/amzokulinar.ro\/magazin-online\/\",\"name\":\"Magazin Online - AmzoKulinar\",\"isPartOf\":{\"@id\":\"https:\/\/amzokulinar.ro\/#website\"},\"datePublished\":\"2025-06-26T06:17:53+00:00\",\"dateModified\":\"2025-07-05T07:23:21+00:00\",\"description\":\"\u00cen gr\u0103dina AmzoKulinar legumele \u00ee\u0219i p\u0103streaz\u0103 aromele \u0219i vitaminele necesare unui stil de via\u021b\u0103 s\u0103n\u0103tos.\",\"breadcrumb\":{\"@id\":\"https:\/\/amzokulinar.ro\/magazin-online\/#breadcrumb\"},\"inLanguage\":\"en-US\",\"potentialAction\":[{\"@type\":\"ReadAction\",\"target\":[\"https:\/\/amzokulinar.ro\/magazin-online\/\"]}]},{\"@type\":\"BreadcrumbList\",\"@id\":\"https:\/\/amzokulinar.ro\/magazin-online\/#breadcrumb\",\"itemListElement\":[{\"@type\":\"ListItem\",\"position\":1,\"name\":\"Prima pagin\u0103\",\"item\":\"https:\/\/amzokulinar.ro\/\"},{\"@type\":\"ListItem\",\"position\":2,\"name\":\"Magazin Online\"}]},{\"@type\":\"WebSite\",\"@id\":\"https:\/\/amzokulinar.ro\/#website\",\"url\":\"https:\/\/amzokulinar.ro\/\",\"name\":\"AmzoKulinar\",\"description\":\"Arome din gr\u0103dina noastr\u0103\",\"publisher\":{\"@id\":\"https:\/\/amzokulinar.ro\/#organization\"},\"potentialAction\":[{\"@type\":\"SearchAction\",\"target\":{\"@type\":\"EntryPoint\",\"urlTemplate\":\"https:\/\/amzokulinar.ro\/?s={search_term_string}\"},\"query-input\":{\"@type\":\"PropertyValueSpecification\",\"valueRequired\":true,\"valueName\":\"search_term_string\"}}],\"inLanguage\":\"en-US\"},{\"@type\":\"Organization\",\"@id\":\"https:\/\/amzokulinar.ro\/#organization\",\"name\":\"AmzoKulinar\",\"url\":\"https:\/\/amzokulinar.ro\/\",\"logo\":{\"@type\":\"ImageObject\",\"inLanguage\":\"en-US\",\"@id\":\"https:\/\/amzokulinar.ro\/#\/schema\/logo\/image\/\",\"url\":\"https:\/\/amzokulinar.ro\/wp-content\/uploads\/2025\/07\/Amzo-site-500x100-copy.png\",\"contentUrl\":\"https:\/\/amzokulinar.ro\/wp-content\/uploads\/2025\/07\/Amzo-site-500x100-copy.png\",\"width\":500,\"height\":100,\"caption\":\"AmzoKulinar\"},\"image\":{\"@id\":\"https:\/\/amzokulinar.ro\/#\/schema\/logo\/image\/\"}}]}<\/script>\n<!-- \/ Yoast SEO plugin. -->","yoast_head_json":{"title":"Magazin Online - AmzoKulinar","description":"\u00cen gr\u0103dina AmzoKulinar legumele \u00ee\u0219i p\u0103streaz\u0103 aromele \u0219i vitaminele necesare unui stil de via\u021b\u0103 s\u0103n\u0103tos.","robots":{"index":"index","follow":"follow","max-snippet":"max-snippet:-1","max-image-preview":"max-image-preview:large","max-video-preview":"max-video-preview:-1"},"canonical":"https:\/\/amzokulinar.ro\/en\/magazin-online\/","og_locale":"en_US","og_type":"article","og_title":"Magazin Online - AmzoKulinar","og_description":"\u00cen gr\u0103dina AmzoKulinar legumele \u00ee\u0219i p\u0103streaz\u0103 aromele \u0219i vitaminele necesare unui stil de via\u021b\u0103 s\u0103n\u0103tos.","og_url":"https:\/\/amzokulinar.ro\/en\/magazin-online\/","og_site_name":"AmzoKulinar","article_modified_time":"2025-07-05T07:23:21+00:00","twitter_card":"summary_large_image","twitter_misc":{"Est. reading time":"1 minute"},"schema":{"@context":"https:\/\/schema.org","@graph":[{"@type":"WebPage","@id":"https:\/\/amzokulinar.ro\/magazin-online\/","url":"https:\/\/amzokulinar.ro\/magazin-online\/","name":"Magazin Online - AmzoKulinar","isPartOf":{"@id":"https:\/\/amzokulinar.ro\/#website"},"datePublished":"2025-06-26T06:17:53+00:00","dateModified":"2025-07-05T07:23:21+00:00","description":"\u00cen gr\u0103dina AmzoKulinar legumele \u00ee\u0219i p\u0103streaz\u0103 aromele \u0219i vitaminele necesare unui stil de via\u021b\u0103 s\u0103n\u0103tos.","breadcrumb":{"@id":"https:\/\/amzokulinar.ro\/magazin-online\/#breadcrumb"},"inLanguage":"en-US","potentialAction":[{"@type":"ReadAction","target":["https:\/\/amzokulinar.ro\/magazin-online\/"]}]},{"@type":"BreadcrumbList","@id":"https:\/\/amzokulinar.ro\/magazin-online\/#breadcrumb","itemListElement":[{"@type":"ListItem","position":1,"name":"Prima pagin\u0103","item":"https:\/\/amzokulinar.ro\/"},{"@type":"ListItem","position":2,"name":"Magazin Online"}]},{"@type":"WebSite","@id":"https:\/\/amzokulinar.ro\/#website","url":"https:\/\/amzokulinar.ro\/","name":"AmzoKulinar","description":"Flavours from our garden","publisher":{"@id":"https:\/\/amzokulinar.ro\/#organization"},"potentialAction":[{"@type":"SearchAction","target":{"@type":"EntryPoint","urlTemplate":"https:\/\/amzokulinar.ro\/?s={search_term_string}"},"query-input":{"@type":"PropertyValueSpecification","valueRequired":true,"valueName":"search_term_string"}}],"inLanguage":"en-US"},{"@type":"Organization","@id":"https:\/\/amzokulinar.ro\/#organization","name":"AmzoKulinar","url":"https:\/\/amzokulinar.ro\/","logo":{"@type":"ImageObject","inLanguage":"en-US","@id":"https:\/\/amzokulinar.ro\/#\/schema\/logo\/image\/","url":"https:\/\/amzokulinar.ro\/wp-content\/uploads\/2025\/07\/Amzo-site-500x100-copy.png","contentUrl":"https:\/\/amzokulinar.ro\/wp-content\/uploads\/2025\/07\/Amzo-site-500x100-copy.png","width":500,"height":100,"caption":"AmzoKulinar"},"image":{"@id":"https:\/\/amzokulinar.ro\/#\/schema\/logo\/image\/"}}]}},"_links":{"self":[{"href":"https:\/\/amzokulinar.ro\/en\/wp-json\/wp\/v2\/pages\/14557","targetHints":{"allow":["GET"]}}],"collection":[{"href":"https:\/\/amzokulinar.ro\/en\/wp-json\/wp\/v2\/pages"}],"about":[{"href":"https:\/\/amzokulinar.ro\/en\/wp-json\/wp\/v2\/types\/page"}],"author":[{"embeddable":true,"href":"https:\/\/amzokulinar.ro\/en\/wp-json\/wp\/v2\/users\/1"}],"replies":[{"embeddable":true,"href":"https:\/\/amzokulinar.ro\/en\/wp-json\/wp\/v2\/comments?post=14557"}],"version-history":[{"count":28,"href":"https:\/\/amzokulinar.ro\/en\/wp-json\/wp\/v2\/pages\/14557\/revisions"}],"predecessor-version":[{"id":14770,"href":"https:\/\/amzokulinar.ro\/en\/wp-json\/wp\/v2\/pages\/14557\/revisions\/14770"}],"wp:attachment":[{"href":"https:\/\/amzokulinar.ro\/en\/wp-json\/wp\/v2\/media?parent=14557"}],"curies":[{"name":"wp","href":"https:\/\/api.w.org\/{rel}","templated":true}]}}