{"id":14503,"date":"2024-10-21T13:41:37","date_gmt":"2024-10-21T13:41:37","guid":{"rendered":"https:\/\/amzokulinar.ro\/?page_id=14503"},"modified":"2024-10-21T13:50:52","modified_gmt":"2024-10-21T13:50:52","slug":"politica-de-retur","status":"publish","type":"page","link":"https:\/\/amzokulinar.ro\/en\/politica-de-retur\/","title":{"rendered":"Return Policy"},"content":{"rendered":"<h1>Retur produse<\/h1>\n<h3>RECEP\u021aIONAREA PRODUSELOR COMANDATE<\/h3>\n<p>Clientul are dreptul s\u0103 transmit\u0103 WebSite-ului https:\/\/amzokulinar.ro obiec\u021bii cu privire la cantitatea \u0219i\/sau calitatea produselor livrate \u00een termen de maxim 2 ore de la momentul la care a recep\u021bionat produsele, folosind formularul de contact de pe WebSite-ului https:\/\/amzokulinar.ro, va analiza aceste obiec\u021bii \u0219i va r\u0103spunde Clientului \u00een termen de 24 de ore lucr\u0103toare. Toate obiec\u021biile Clien\u021bilor vor fi tratate de https:\/\/amzokulinar.ro cu maxim\u0103 seriozitate.<\/p>\n<p>\u00cen caz de degradare a coletului, r\u0103spunderea https:\/\/amzokulinar.ro va fi angajat\u0103 \u00een urm\u0103toarele condi\u021bii: Clientul trebuie s\u0103 deschid\u0103 \u0219i s\u0103 verifice con\u021binutul coletului \u00een prezenta transportatorului \u0219i s\u0103 nu semneze bonul de livrare \u00eenainte de a face aceasta verificare. \u00cen cazul \u00een care constat\u0103 c\u0103 produsele sunt deteriorate sau improprii consumului, Clientul trebuie s\u0103 men\u021bioneze obiec\u021biile pe bonul de livrare sau s\u0103 refuze coletul \u0219i s\u0103-l \u00eenapoieze transportatorului. https:\/\/amzokulinar.ro va proceda la rambursarea pre\u021bului platit sau la \u00eenlocuirea total\u0103 sau par\u021bial\u0103 a produselor, dup\u0103 caz. \u00cen nici un caz https:\/\/amzokulinar.ro nu va r\u0103spunde \u00een cazul eventualelor degrad\u0103ri ale produselor datorate absen\u021bei Clientului\/destinatarului de la adresa \u00een intervalul orar indicat pentru livrare.<\/p>\n<h3>ABSEN\u021aA DREPTULUI DE RETRAGERE<\/h3>\n<p>Rug\u0103m Clien\u021bii s\u0103 aib\u0103 \u00een vedere c\u0103 \u00een privin\u021ba produselor cump\u0103rate de pe WebSite-ul https:\/\/amzokulinar.ro nu au un drept de retragere, date fiind prevederile exprese ale art.3 alin.3 lit.(i) din OUG 34\/2014 privind drepturile consumatorilor \u00een cadrul contractelor \u00eencheiate cu profesioni\u0219tii, precum \u0219i pentru modificarea \u0219i completarea unor acte normative, care exclud \u00een mod expres din domeniul de aplicare al acesteia (deci inclusiv de la dreptul consumatorului de retragere) contractele au ca obiect furnizarea alimentelor, b\u0103uturilor sau a altor bunuri destinate consumului casnic, livrate fizic de un profesionist care se deplaseaz\u0103 frecvent \u0219i periodic la locuin\u021ba, re\u0219edin\u021ba sau locul de munc\u0103 al consumatorului. In consecin\u021b\u0103, odat\u0103 produsele recep\u021bionate de c\u0103tre Client\/destinatar, acestea nu mai pot fi returnate.<\/p>\n<p>&nbsp;<\/p>","protected":false},"excerpt":{"rendered":"Retur produse RECEP\u021aIONAREA PRODUSELOR COMANDATE Clientul are dreptul s\u0103 transmit\u0103 WebSite-ului https:\/\/amzokulinar.ro","protected":false},"author":1,"featured_media":0,"parent":0,"menu_order":0,"comment_status":"closed","ping_status":"closed","template":"","meta":{"ngg_post_thumbnail":0,"footnotes":""},"class_list":["post-14503","page","type-page","status-publish","hentry"],"yoast_head":"<!-- This site is optimized with the Yoast SEO plugin v26.8 - https:\/\/yoast.com\/product\/yoast-seo-wordpress\/ -->\n<title>Politica de retur - AmzoKulinar<\/title>\n<meta name=\"robots\" content=\"index, follow, max-snippet:-1, max-image-preview:large, max-video-preview:-1\" \/>\n<link rel=\"canonical\" href=\"https:\/\/amzokulinar.ro\/en\/politica-de-retur\/\" \/>\n<meta property=\"og:locale\" content=\"en_US\" \/>\n<meta property=\"og:type\" content=\"article\" \/>\n<meta property=\"og:title\" content=\"Politica de retur - AmzoKulinar\" \/>\n<meta property=\"og:description\" content=\"Retur produse RECEP\u021aIONAREA PRODUSELOR COMANDATE Clientul are dreptul s\u0103 transmit\u0103 WebSite-ului https:\/\/amzokulinar.ro obiec\u021bii cu privire la cantitatea \u0219i\/sau calitatea produselor livrate \u00een termen de maxim 2 ore de la momentul la care a recep\u021bionat produsele, folosind formularul de contact de pe WebSite-ului https:\/\/amzokulinar.ro, va analiza aceste obiec\u021bii \u0219i va r\u0103spunde Clientului \u00een termen de 24 [&hellip;]\" \/>\n<meta property=\"og:url\" content=\"https:\/\/amzokulinar.ro\/en\/politica-de-retur\/\" \/>\n<meta property=\"og:site_name\" content=\"AmzoKulinar\" \/>\n<meta property=\"article:modified_time\" content=\"2024-10-21T13:50:52+00:00\" \/>\n<meta name=\"twitter:card\" content=\"summary_large_image\" \/>\n<meta name=\"twitter:label1\" content=\"Est. reading time\" \/>\n\t<meta name=\"twitter:data1\" content=\"2 minutes\" \/>\n<script type=\"application\/ld+json\" class=\"yoast-schema-graph\">{\"@context\":\"https:\/\/schema.org\",\"@graph\":[{\"@type\":\"WebPage\",\"@id\":\"https:\/\/amzokulinar.ro\/politica-de-retur\/\",\"url\":\"https:\/\/amzokulinar.ro\/politica-de-retur\/\",\"name\":\"Politica de retur - AmzoKulinar\",\"isPartOf\":{\"@id\":\"https:\/\/amzokulinar.ro\/#website\"},\"datePublished\":\"2024-10-21T13:41:37+00:00\",\"dateModified\":\"2024-10-21T13:50:52+00:00\",\"breadcrumb\":{\"@id\":\"https:\/\/amzokulinar.ro\/politica-de-retur\/#breadcrumb\"},\"inLanguage\":\"en-US\",\"potentialAction\":[{\"@type\":\"ReadAction\",\"target\":[\"https:\/\/amzokulinar.ro\/politica-de-retur\/\"]}]},{\"@type\":\"BreadcrumbList\",\"@id\":\"https:\/\/amzokulinar.ro\/politica-de-retur\/#breadcrumb\",\"itemListElement\":[{\"@type\":\"ListItem\",\"position\":1,\"name\":\"Prima pagin\u0103\",\"item\":\"https:\/\/amzokulinar.ro\/\"},{\"@type\":\"ListItem\",\"position\":2,\"name\":\"Politica de retur\"}]},{\"@type\":\"WebSite\",\"@id\":\"https:\/\/amzokulinar.ro\/#website\",\"url\":\"https:\/\/amzokulinar.ro\/\",\"name\":\"AmzoKulinar\",\"description\":\"Arome din gr\u0103dina noastr\u0103\",\"publisher\":{\"@id\":\"https:\/\/amzokulinar.ro\/#organization\"},\"potentialAction\":[{\"@type\":\"SearchAction\",\"target\":{\"@type\":\"EntryPoint\",\"urlTemplate\":\"https:\/\/amzokulinar.ro\/?s={search_term_string}\"},\"query-input\":{\"@type\":\"PropertyValueSpecification\",\"valueRequired\":true,\"valueName\":\"search_term_string\"}}],\"inLanguage\":\"en-US\"},{\"@type\":\"Organization\",\"@id\":\"https:\/\/amzokulinar.ro\/#organization\",\"name\":\"AmzoKulinar\",\"url\":\"https:\/\/amzokulinar.ro\/\",\"logo\":{\"@type\":\"ImageObject\",\"inLanguage\":\"en-US\",\"@id\":\"https:\/\/amzokulinar.ro\/#\/schema\/logo\/image\/\",\"url\":\"https:\/\/amzokulinar.ro\/wp-content\/uploads\/2025\/07\/Amzo-site-500x100-copy.png\",\"contentUrl\":\"https:\/\/amzokulinar.ro\/wp-content\/uploads\/2025\/07\/Amzo-site-500x100-copy.png\",\"width\":500,\"height\":100,\"caption\":\"AmzoKulinar\"},\"image\":{\"@id\":\"https:\/\/amzokulinar.ro\/#\/schema\/logo\/image\/\"}}]}<\/script>\n<!-- \/ Yoast SEO plugin. -->","yoast_head_json":{"title":"Politica de retur - AmzoKulinar","robots":{"index":"index","follow":"follow","max-snippet":"max-snippet:-1","max-image-preview":"max-image-preview:large","max-video-preview":"max-video-preview:-1"},"canonical":"https:\/\/amzokulinar.ro\/en\/politica-de-retur\/","og_locale":"en_US","og_type":"article","og_title":"Politica de retur - AmzoKulinar","og_description":"Retur produse RECEP\u021aIONAREA PRODUSELOR COMANDATE Clientul are dreptul s\u0103 transmit\u0103 WebSite-ului https:\/\/amzokulinar.ro obiec\u021bii cu privire la cantitatea \u0219i\/sau calitatea produselor livrate \u00een termen de maxim 2 ore de la momentul la care a recep\u021bionat produsele, folosind formularul de contact de pe WebSite-ului https:\/\/amzokulinar.ro, va analiza aceste obiec\u021bii \u0219i va r\u0103spunde Clientului \u00een termen de 24 [&hellip;]","og_url":"https:\/\/amzokulinar.ro\/en\/politica-de-retur\/","og_site_name":"AmzoKulinar","article_modified_time":"2024-10-21T13:50:52+00:00","twitter_card":"summary_large_image","twitter_misc":{"Est. reading time":"2 minutes"},"schema":{"@context":"https:\/\/schema.org","@graph":[{"@type":"WebPage","@id":"https:\/\/amzokulinar.ro\/politica-de-retur\/","url":"https:\/\/amzokulinar.ro\/politica-de-retur\/","name":"Politica de retur - AmzoKulinar","isPartOf":{"@id":"https:\/\/amzokulinar.ro\/#website"},"datePublished":"2024-10-21T13:41:37+00:00","dateModified":"2024-10-21T13:50:52+00:00","breadcrumb":{"@id":"https:\/\/amzokulinar.ro\/politica-de-retur\/#breadcrumb"},"inLanguage":"en-US","potentialAction":[{"@type":"ReadAction","target":["https:\/\/amzokulinar.ro\/politica-de-retur\/"]}]},{"@type":"BreadcrumbList","@id":"https:\/\/amzokulinar.ro\/politica-de-retur\/#breadcrumb","itemListElement":[{"@type":"ListItem","position":1,"name":"Prima pagin\u0103","item":"https:\/\/amzokulinar.ro\/"},{"@type":"ListItem","position":2,"name":"Politica de retur"}]},{"@type":"WebSite","@id":"https:\/\/amzokulinar.ro\/#website","url":"https:\/\/amzokulinar.ro\/","name":"AmzoKulinar","description":"Flavours from our garden","publisher":{"@id":"https:\/\/amzokulinar.ro\/#organization"},"potentialAction":[{"@type":"SearchAction","target":{"@type":"EntryPoint","urlTemplate":"https:\/\/amzokulinar.ro\/?s={search_term_string}"},"query-input":{"@type":"PropertyValueSpecification","valueRequired":true,"valueName":"search_term_string"}}],"inLanguage":"en-US"},{"@type":"Organization","@id":"https:\/\/amzokulinar.ro\/#organization","name":"AmzoKulinar","url":"https:\/\/amzokulinar.ro\/","logo":{"@type":"ImageObject","inLanguage":"en-US","@id":"https:\/\/amzokulinar.ro\/#\/schema\/logo\/image\/","url":"https:\/\/amzokulinar.ro\/wp-content\/uploads\/2025\/07\/Amzo-site-500x100-copy.png","contentUrl":"https:\/\/amzokulinar.ro\/wp-content\/uploads\/2025\/07\/Amzo-site-500x100-copy.png","width":500,"height":100,"caption":"AmzoKulinar"},"image":{"@id":"https:\/\/amzokulinar.ro\/#\/schema\/logo\/image\/"}}]}},"_links":{"self":[{"href":"https:\/\/amzokulinar.ro\/en\/wp-json\/wp\/v2\/pages\/14503","targetHints":{"allow":["GET"]}}],"collection":[{"href":"https:\/\/amzokulinar.ro\/en\/wp-json\/wp\/v2\/pages"}],"about":[{"href":"https:\/\/amzokulinar.ro\/en\/wp-json\/wp\/v2\/types\/page"}],"author":[{"embeddable":true,"href":"https:\/\/amzokulinar.ro\/en\/wp-json\/wp\/v2\/users\/1"}],"replies":[{"embeddable":true,"href":"https:\/\/amzokulinar.ro\/en\/wp-json\/wp\/v2\/comments?post=14503"}],"version-history":[{"count":2,"href":"https:\/\/amzokulinar.ro\/en\/wp-json\/wp\/v2\/pages\/14503\/revisions"}],"predecessor-version":[{"id":14505,"href":"https:\/\/amzokulinar.ro\/en\/wp-json\/wp\/v2\/pages\/14503\/revisions\/14505"}],"wp:attachment":[{"href":"https:\/\/amzokulinar.ro\/en\/wp-json\/wp\/v2\/media?parent=14503"}],"curies":[{"name":"wp","href":"https:\/\/api.w.org\/{rel}","templated":true}]}}