{"id":14045,"date":"2024-07-29T06:45:43","date_gmt":"2024-07-29T06:45:43","guid":{"rendered":"https:\/\/amzokulinar.ro\/?page_id=14045"},"modified":"2024-07-29T06:48:22","modified_gmt":"2024-07-29T06:48:22","slug":"shop-online","status":"publish","type":"page","link":"https:\/\/amzokulinar.ro\/en\/shop-online\/","title":{"rendered":"Shop Online"},"content":{"rendered":"<section id=\"hero-mb-block-8770e7cd-5d07-4415-a580-bde0f751275e\" class=\"section section-hero  alignfull section-hero section-hero-image content-dark no-overlay  full-\" data-aos=\"fade\">\n\n\t\t \n\t\t\t<picture>\n\t\t\t\t<source media=\"(min-width: 768px)\" \n\t\t\t\tsrcset=\"https:\/\/amzokulinar.ro\/wp-content\/uploads\/2024\/07\/legume-in-cos-pt-site-copy.jpg\">\n\t\t\t\t<source srcset=\"https:\/\/amzokulinar.ro\/wp-content\/uploads\/2024\/07\/legume-in-cos-pt-site-copy-mobil.jpg\">\n\t\t\t\t<img decoding=\"async\" class=\"hero-image hero-background hero-content-left hmobile-content-center hmobile-contentv-top\" src=\"https:\/\/amzokulinar.ro\/wp-content\/uploads\/2024\/07\/legume-in-cos-pt-site-copy.jpg\" alt=\"\" \/>\n\t\t\t<\/picture>\n\t\t\n\t\t<div class=\"hero-content-wrap centered-content image-uploaded hero-content-left hmobile-content-center hmobile-contentv-top overlay-width-undefined\" >\n\t\t\t<div class=\"hero-content section-content\">\n\t\t\t\t\t\t\t\t\t\t\t\t\t<div class=\"hero-content-item hero-subtitle subtitle-above use-body-font content-dark\"  data-aos=\"fade-down\" data-aos-delay=\"100\"  >\u00cen gr\u0103dina Amzokulinar<\/div>\n\t\t\t\t\t\t\t\t\t\t                \t<h2 style=\"letter-spacing:px\" class=\"hero-content-item hero-title\"> Legume cultivateu003cbr \/u003ernu003cemu003ecu grij\u0103 u003c\/emu003e<\/h2>\n\t\t                \n\t\t                \t\t                \t\t                \t<div class=\"hero-content-item hero-text\"  data-aos=\"fade-right\" data-aos-delay=\"340\"  >legumele \u00ee\u0219i p\u0103streaz\u0103 aromele \u0219i vitaminele necesare unui stil de via\u021b\u0103 s\u0103n\u0103tos.<\/div>\n\t\t                \n\t\t\t        <div class=\"hero-content-item hero-buttons\">\n\t\t\t\t\t\n\t\t\t\t\t\t\t\t\t<\/div>\n\n\t\t\t<\/div>\n\t\t<\/div>\n\n\t\t\n\t<\/section> \n\n\n\n\n<div style=\"height:60px\" aria-hidden=\"true\" class=\"wp-block-spacer\"><\/div>\n\n\n\n\t<section id=\"contentboxes-mb-block-f7d718ce-4f07-40d8-b2bb-621d3291b5f1\" class=\"section section-contentboxes  alignfull\">\n\n\t\t<div class=\"contentboxes-wrap none\"  >\n\t\t\t\t\t<div class=\"contentboxes-masonry\">\n\n\t\t\t\t<div class=\"grid-sizer-contentboxes\"><\/div>\n\n\t\t\t\t\n\t\t\t\t<div class=\"content-box- contentboxes-image-wrap bg-none quarter-width three-quarter-height mobile-three-quarter-height   content-dark no-vertical-text has-content cb-mobile-content-leave cb-mobile-content-vertical-leave\"  data-aos=\"fade-up\" data-aos-delay=\"100\"   >\n\n\t\t\t\t\t<div class=\"contentboxes-image-wrap-inner\">\n\n\t\t\t\t\t\n\t\t\t\t\t\t<div class=\"contentboxes-zoom-wrap\">\n\t\t\t\t\t\t\n\t\t\t\t\t\t\n\t\t\t\t\t\t\n\t\t\t\t\t\t\t<div class=\"contentboxes-content-wrap centered-content contentboxes-content-center contentboxes-content-top\"  >\n\n\t\t\t\t\t\t\t\t\t\t\t\t\t\t\t\t<div class=\"contentboxes-content section-content\">\n\t\t\t\t\t\t\t\t\t\t\t\t\t\t\t\t\t\t\t\t\t\t\t\t\t\t\t\t\t\t\t\t\t\t                \t<h6  class=\"contentboxes-content-item contentboxes-title\"  data-aos=\"slide-up\"  >u003ci class=u0022pe-7s-bicycle pe-2xu0022u003eu003c\/iu003ernLivrare la domiciliu<\/h6>\n\t\t\t\t\t\t\t                \t\t\t\t\t\t\t                \t\t\t\t\t\t\t                \t\t\t\t\t\t\t                \t<div class=\"contentboxes-content-item contentboxes-text\"  data-aos=\"fade-right\" data-aos-delay=\"340\"  >Wednesday between 11 am and 6 pm<\/div>\n\t\t\t\t\t\t\t                \t\t\t\t\t\t\t                \t\t\t\t\t\t        \t<\/div>\n\t\t\t\t\t\t        \t\n\t\t\t\t\t\t\t\t\t\t\t\t\t\n\t\t\t\t\t\t<\/div>\n\t\t\t\t\t<\/div>\n\t\t\t\t\t<\/div>\n\n\t\t\t\t\t\t   \t \n\t\t\t\t<\/div>\n\t\t\t\t\t\n\t\t\t\n\t\t\t\t<div class=\"content-box- contentboxes-image-wrap bg-none quarter-width three-quarter-height mobile-three-quarter-height    no-vertical-text has-content cb-mobile-content-leave cb-mobile-content-vertical-leave\"  data-aos=\"fade-up\" data-aos-delay=\"200\"   >\n\n\t\t\t\t\t<div class=\"contentboxes-image-wrap-inner\">\n\n\t\t\t\t\t\n\t\t\t\t\t\t<div class=\"contentboxes-zoom-wrap\">\n\t\t\t\t\t\t\n\t\t\t\t\t\t\n\t\t\t\t\t\t\n\t\t\t\t\t\t\t<div class=\"contentboxes-content-wrap centered-content contentboxes-content-center contentboxes-content-top\"  >\n\n\t\t\t\t\t\t\t\t\t\t\t\t\t\t\t\t<div class=\"contentboxes-content section-content\">\n\t\t\t\t\t\t\t\t\t\t\t\t\t\t\t\t\t\t\t\t\t\t\t\t\t\t\t\t\t\t\t\t\t\t                \t<h6  class=\"contentboxes-content-item contentboxes-title\"  data-aos=\"slide-up\"  >u003ci class=u0022pe-7s-like pe-2xu0022u003eu003c\/iu003ernPreg\u0103tite cu grij\u0103<\/h6>\n\t\t\t\t\t\t\t                \t\t\t\t\t\t\t                \t\t\t\t\t\t\t                \t\t\t\t\t\t\t                \t<div class=\"contentboxes-content-item contentboxes-text\"  data-aos=\"fade-right\" data-aos-delay=\"340\"  >Taste the nature<\/div>\n\t\t\t\t\t\t\t                \t\t\t\t\t\t\t                \t\t\t\t\t\t        \t<\/div>\n\t\t\t\t\t\t        \t\n\t\t\t\t\t\t\t\t\t\t\t\t\t\n\t\t\t\t\t\t<\/div>\n\t\t\t\t\t<\/div>\n\t\t\t\t\t<\/div>\n\n\t\t\t\t\t\t   \t \n\t\t\t\t<\/div>\n\t\t\t\t\t\n\t\t\t\n\t\t\t\t<div class=\"content-box- contentboxes-image-wrap bg-none quarter-width three-quarter-height mobile-three-quarter-height    no-vertical-text has-content cb-mobile-content-leave cb-mobile-content-vertical-leave\"  data-aos=\"fade-up\" data-aos-delay=\"300\"   >\n\n\t\t\t\t\t<div class=\"contentboxes-image-wrap-inner\">\n\n\t\t\t\t\t\n\t\t\t\t\t\t<div class=\"contentboxes-zoom-wrap\">\n\t\t\t\t\t\t\n\t\t\t\t\t\t\n\t\t\t\t\t\t\n\t\t\t\t\t\t\t<div class=\"contentboxes-content-wrap centered-content contentboxes-content-center contentboxes-content-top\"  >\n\n\t\t\t\t\t\t\t\t\t\t\t\t\t\t\t\t<div class=\"contentboxes-content section-content\">\n\t\t\t\t\t\t\t\t\t\t\t\t\t\t\t\t\t\t\t\t\t\t\t\t\t\t\t\t\t\t\t\t\t\t                \t<h6  class=\"contentboxes-content-item contentboxes-title\"  data-aos=\"slide-up\"  >u003ci class=u0022pe-7s-leaf pe-2xu0022u003eu003c\/iu003ernDin gradin\u0103 \u00een farfurie<\/h6>\n\t\t\t\t\t\t\t                \t\t\t\t\t\t\t                \t\t\t\t\t\t\t                \t\t\t\t\t\t\t                \t<div class=\"contentboxes-content-item contentboxes-text\"  data-aos=\"fade-right\" data-aos-delay=\"340\"  >Culinary flavor is only possible with the best ingredients.<\/div>\n\t\t\t\t\t\t\t                \t\t\t\t\t\t\t                \t\t\t\t\t\t        \t<\/div>\n\t\t\t\t\t\t        \t\n\t\t\t\t\t\t\t\t\t\t\t\t\t\n\t\t\t\t\t\t<\/div>\n\t\t\t\t\t<\/div>\n\t\t\t\t\t<\/div>\n\n\t\t\t\t\t\t   \t \n\t\t\t\t<\/div>\n\t\t\t\t\t\n\t\t\t\n\t\t\t\t<div class=\"content-box- contentboxes-image-wrap bg-none quarter-width three-quarter-height mobile-three-quarter-height   content-dark no-vertical-text has-content cb-mobile-content-leave cb-mobile-content-vertical-leave\"  data-aos=\"fade-up\" data-aos-delay=\"400\"   >\n\n\t\t\t\t\t<div class=\"contentboxes-image-wrap-inner\">\n\n\t\t\t\t\t\n\t\t\t\t\t\t<div class=\"contentboxes-zoom-wrap\">\n\t\t\t\t\t\t\n\t\t\t\t\t\t\n\t\t\t\t\t\t\n\t\t\t\t\t\t\t<div class=\"contentboxes-content-wrap centered-content contentboxes-content-center contentboxes-content-top\"  >\n\n\t\t\t\t\t\t\t\t\t\t\t\t\t\t\t\t<div class=\"contentboxes-content section-content\">\n\t\t\t\t\t\t\t\t\t\t\t\t\t\t\t\t\t\t\t\t\t\t\t\t\t\t\t\t\t\t\t\t\t\t                \t<h6  class=\"contentboxes-content-item contentboxes-title\"  data-aos=\"slide-up\"  >u003ci class=u0022pe-7s-like pe-2xu0022u003eu003c\/iu003ernS\u0103n\u0103tate la farfurie<\/h6>\n\t\t\t\t\t\t\t                \t\t\t\t\t\t\t                \t\t\t\t\t\t\t                \t\t\t\t\t\t\t                \t<div class=\"contentboxes-content-item contentboxes-text\"  data-aos=\"fade-right\" data-aos-delay=\"340\"  >Experience authentic taste.<\/div>\n\t\t\t\t\t\t\t                \t\t\t\t\t\t\t                \t\t\t\t\t\t        \t<\/div>\n\t\t\t\t\t\t        \t\n\t\t\t\t\t\t\t\t\t\t\t\t\t\n\t\t\t\t\t\t<\/div>\n\t\t\t\t\t<\/div>\n\t\t\t\t\t<\/div>\n\n\t\t\t\t\t\t   \t \n\t\t\t\t<\/div>\n\t\t\t\t\t\n\t\t\t\t\t\t<\/div>\n\t\t\t\t<\/div>\n\n\t<\/section> \n\n\n\n\n<div style=\"height:48px\" aria-hidden=\"true\" class=\"wp-block-spacer\"><\/div>\n\n\n\n<p><center><h4 style=\"color:blue\"><a href=\"\/en\/product-category\/aromatice\/\">Aromatics<\/a> | <a href=\"\/en\/product-category\/boabe\/\">Beans<\/a> | <a href=\"\/en\/product-category\/bostanoase\/\">Pumpkins<\/a> | <a href=\"\/en\/product-category\/cartofi\/\">Potatoes<\/a> | <a href=\"\/en\/product-category\/frunzoase\/\">Leafy<\/a> | <a href=\"\/en\/product-category\/pastai\/\">Pods<\/a> | <a href=\"\/en\/product-category\/radacinoase\/\">Root Vegetables<\/a> | <a href=\"\/en\/product-category\/tomate\/\">Tomatoes<\/a> | <a href=\"\/en\/product-category\/fructe\/\">Fruits<\/a><\/h4><\/center><br><br><br><br> <br><\/p>\n\n\n\n\t\t\t<span id=\"subtitle-mb-block-406472d0-b418-4ad8-a298-2e28a0279359\" class=\"subtitle  subtitle-block subtitle-above subtitle-center use-body-font\">Descoper\u0103<\/span>\n\t\n\n\n\n<h2 class=\"wp-block-heading has-text-align-center\" id=\"your-favorite-products\">Our products<\/h2>\n\n\n\n\t<div id=\"divider-mb-block-bea38cea-5973-48ad-a71e-95ebca848603\" class=\"divider-block divider-center divider-vertical\"><\/div>\n\n\n\n\n<div style=\"height:100px\" aria-hidden=\"true\" class=\"wp-block-spacer\"><\/div>","protected":false},"excerpt":{"rendered":"Aromatice | Boabe | Bost\u0103noase | Cartofi | Frunzoase | P\u0103st\u0103i |","protected":false},"author":1,"featured_media":0,"parent":0,"menu_order":45,"comment_status":"closed","ping_status":"closed","template":"","meta":{"ngg_post_thumbnail":0,"footnotes":""},"class_list":["post-14045","page","type-page","status-publish","hentry"],"yoast_head":"<!-- This site is optimized with the Yoast SEO plugin v26.8 - https:\/\/yoast.com\/product\/yoast-seo-wordpress\/ -->\n<title>Shop Online - AmzoKulinar<\/title>\n<meta name=\"description\" content=\"\u00cen gr\u0103dina AmzoKulinar legumele \u00ee\u0219i p\u0103streaz\u0103 aromele \u0219i vitaminele necesare unui stil de via\u021b\u0103 s\u0103n\u0103tos.\" \/>\n<meta name=\"robots\" content=\"index, follow, max-snippet:-1, max-image-preview:large, max-video-preview:-1\" \/>\n<link rel=\"canonical\" href=\"https:\/\/amzokulinar.ro\/en\/shop-online\/\" \/>\n<meta property=\"og:locale\" content=\"en_US\" \/>\n<meta property=\"og:type\" content=\"article\" \/>\n<meta property=\"og:title\" content=\"Shop Online - AmzoKulinar\" \/>\n<meta property=\"og:description\" content=\"\u00cen gr\u0103dina AmzoKulinar legumele \u00ee\u0219i p\u0103streaz\u0103 aromele \u0219i vitaminele necesare unui stil de via\u021b\u0103 s\u0103n\u0103tos.\" \/>\n<meta property=\"og:url\" content=\"https:\/\/amzokulinar.ro\/en\/shop-online\/\" \/>\n<meta property=\"og:site_name\" content=\"AmzoKulinar\" \/>\n<meta property=\"article:modified_time\" content=\"2024-07-29T06:48:22+00:00\" \/>\n<meta name=\"twitter:card\" content=\"summary_large_image\" \/>\n<meta name=\"twitter:label1\" content=\"Est. reading time\" \/>\n\t<meta name=\"twitter:data1\" content=\"1 minute\" \/>\n<script type=\"application\/ld+json\" class=\"yoast-schema-graph\">{\"@context\":\"https:\/\/schema.org\",\"@graph\":[{\"@type\":\"WebPage\",\"@id\":\"https:\/\/amzokulinar.ro\/shop-online\/\",\"url\":\"https:\/\/amzokulinar.ro\/shop-online\/\",\"name\":\"Shop Online - AmzoKulinar\",\"isPartOf\":{\"@id\":\"https:\/\/amzokulinar.ro\/#website\"},\"datePublished\":\"2024-07-29T06:45:43+00:00\",\"dateModified\":\"2024-07-29T06:48:22+00:00\",\"description\":\"\u00cen gr\u0103dina AmzoKulinar legumele \u00ee\u0219i p\u0103streaz\u0103 aromele \u0219i vitaminele necesare unui stil de via\u021b\u0103 s\u0103n\u0103tos.\",\"breadcrumb\":{\"@id\":\"https:\/\/amzokulinar.ro\/shop-online\/#breadcrumb\"},\"inLanguage\":\"en-US\",\"potentialAction\":[{\"@type\":\"ReadAction\",\"target\":[\"https:\/\/amzokulinar.ro\/shop-online\/\"]}]},{\"@type\":\"BreadcrumbList\",\"@id\":\"https:\/\/amzokulinar.ro\/shop-online\/#breadcrumb\",\"itemListElement\":[{\"@type\":\"ListItem\",\"position\":1,\"name\":\"Prima pagin\u0103\",\"item\":\"https:\/\/amzokulinar.ro\/\"},{\"@type\":\"ListItem\",\"position\":2,\"name\":\"Shop Online\"}]},{\"@type\":\"WebSite\",\"@id\":\"https:\/\/amzokulinar.ro\/#website\",\"url\":\"https:\/\/amzokulinar.ro\/\",\"name\":\"AmzoKulinar\",\"description\":\"Arome din gr\u0103dina noastr\u0103\",\"publisher\":{\"@id\":\"https:\/\/amzokulinar.ro\/#organization\"},\"potentialAction\":[{\"@type\":\"SearchAction\",\"target\":{\"@type\":\"EntryPoint\",\"urlTemplate\":\"https:\/\/amzokulinar.ro\/?s={search_term_string}\"},\"query-input\":{\"@type\":\"PropertyValueSpecification\",\"valueRequired\":true,\"valueName\":\"search_term_string\"}}],\"inLanguage\":\"en-US\"},{\"@type\":\"Organization\",\"@id\":\"https:\/\/amzokulinar.ro\/#organization\",\"name\":\"AmzoKulinar\",\"url\":\"https:\/\/amzokulinar.ro\/\",\"logo\":{\"@type\":\"ImageObject\",\"inLanguage\":\"en-US\",\"@id\":\"https:\/\/amzokulinar.ro\/#\/schema\/logo\/image\/\",\"url\":\"https:\/\/amzokulinar.ro\/wp-content\/uploads\/2025\/07\/Amzo-site-500x100-copy.png\",\"contentUrl\":\"https:\/\/amzokulinar.ro\/wp-content\/uploads\/2025\/07\/Amzo-site-500x100-copy.png\",\"width\":500,\"height\":100,\"caption\":\"AmzoKulinar\"},\"image\":{\"@id\":\"https:\/\/amzokulinar.ro\/#\/schema\/logo\/image\/\"}}]}<\/script>\n<!-- \/ Yoast SEO plugin. -->","yoast_head_json":{"title":"Shop Online - AmzoKulinar","description":"\u00cen gr\u0103dina AmzoKulinar legumele \u00ee\u0219i p\u0103streaz\u0103 aromele \u0219i vitaminele necesare unui stil de via\u021b\u0103 s\u0103n\u0103tos.","robots":{"index":"index","follow":"follow","max-snippet":"max-snippet:-1","max-image-preview":"max-image-preview:large","max-video-preview":"max-video-preview:-1"},"canonical":"https:\/\/amzokulinar.ro\/en\/shop-online\/","og_locale":"en_US","og_type":"article","og_title":"Shop Online - AmzoKulinar","og_description":"\u00cen gr\u0103dina AmzoKulinar legumele \u00ee\u0219i p\u0103streaz\u0103 aromele \u0219i vitaminele necesare unui stil de via\u021b\u0103 s\u0103n\u0103tos.","og_url":"https:\/\/amzokulinar.ro\/en\/shop-online\/","og_site_name":"AmzoKulinar","article_modified_time":"2024-07-29T06:48:22+00:00","twitter_card":"summary_large_image","twitter_misc":{"Est. reading time":"1 minute"},"schema":{"@context":"https:\/\/schema.org","@graph":[{"@type":"WebPage","@id":"https:\/\/amzokulinar.ro\/shop-online\/","url":"https:\/\/amzokulinar.ro\/shop-online\/","name":"Shop Online - AmzoKulinar","isPartOf":{"@id":"https:\/\/amzokulinar.ro\/#website"},"datePublished":"2024-07-29T06:45:43+00:00","dateModified":"2024-07-29T06:48:22+00:00","description":"\u00cen gr\u0103dina AmzoKulinar legumele \u00ee\u0219i p\u0103streaz\u0103 aromele \u0219i vitaminele necesare unui stil de via\u021b\u0103 s\u0103n\u0103tos.","breadcrumb":{"@id":"https:\/\/amzokulinar.ro\/shop-online\/#breadcrumb"},"inLanguage":"en-US","potentialAction":[{"@type":"ReadAction","target":["https:\/\/amzokulinar.ro\/shop-online\/"]}]},{"@type":"BreadcrumbList","@id":"https:\/\/amzokulinar.ro\/shop-online\/#breadcrumb","itemListElement":[{"@type":"ListItem","position":1,"name":"Prima pagin\u0103","item":"https:\/\/amzokulinar.ro\/"},{"@type":"ListItem","position":2,"name":"Shop Online"}]},{"@type":"WebSite","@id":"https:\/\/amzokulinar.ro\/#website","url":"https:\/\/amzokulinar.ro\/","name":"AmzoKulinar","description":"Flavours from our garden","publisher":{"@id":"https:\/\/amzokulinar.ro\/#organization"},"potentialAction":[{"@type":"SearchAction","target":{"@type":"EntryPoint","urlTemplate":"https:\/\/amzokulinar.ro\/?s={search_term_string}"},"query-input":{"@type":"PropertyValueSpecification","valueRequired":true,"valueName":"search_term_string"}}],"inLanguage":"en-US"},{"@type":"Organization","@id":"https:\/\/amzokulinar.ro\/#organization","name":"AmzoKulinar","url":"https:\/\/amzokulinar.ro\/","logo":{"@type":"ImageObject","inLanguage":"en-US","@id":"https:\/\/amzokulinar.ro\/#\/schema\/logo\/image\/","url":"https:\/\/amzokulinar.ro\/wp-content\/uploads\/2025\/07\/Amzo-site-500x100-copy.png","contentUrl":"https:\/\/amzokulinar.ro\/wp-content\/uploads\/2025\/07\/Amzo-site-500x100-copy.png","width":500,"height":100,"caption":"AmzoKulinar"},"image":{"@id":"https:\/\/amzokulinar.ro\/#\/schema\/logo\/image\/"}}]}},"_links":{"self":[{"href":"https:\/\/amzokulinar.ro\/en\/wp-json\/wp\/v2\/pages\/14045","targetHints":{"allow":["GET"]}}],"collection":[{"href":"https:\/\/amzokulinar.ro\/en\/wp-json\/wp\/v2\/pages"}],"about":[{"href":"https:\/\/amzokulinar.ro\/en\/wp-json\/wp\/v2\/types\/page"}],"author":[{"embeddable":true,"href":"https:\/\/amzokulinar.ro\/en\/wp-json\/wp\/v2\/users\/1"}],"replies":[{"embeddable":true,"href":"https:\/\/amzokulinar.ro\/en\/wp-json\/wp\/v2\/comments?post=14045"}],"version-history":[{"count":2,"href":"https:\/\/amzokulinar.ro\/en\/wp-json\/wp\/v2\/pages\/14045\/revisions"}],"predecessor-version":[{"id":14047,"href":"https:\/\/amzokulinar.ro\/en\/wp-json\/wp\/v2\/pages\/14045\/revisions\/14047"}],"wp:attachment":[{"href":"https:\/\/amzokulinar.ro\/en\/wp-json\/wp\/v2\/media?parent=14045"}],"curies":[{"name":"wp","href":"https:\/\/api.w.org\/{rel}","templated":true}]}}