{"id":1305,"date":"2020-06-14T12:08:23","date_gmt":"2020-06-14T12:08:23","guid":{"rendered":"http:\/\/redhost:8888\/soulkitchen\/?page_id=1305"},"modified":"2024-09-03T11:04:04","modified_gmt":"2024-09-03T11:04:04","slug":"despre-noi","status":"publish","type":"page","link":"https:\/\/amzokulinar.ro\/en\/despre-noi\/","title":{"rendered":"Despre noi"},"content":{"rendered":"<section id=\"contentboxes-mb-block-3dd0b07e-ffdd-4251-a381-85906a35cb7c\" class=\"section section-contentboxes  alignfull\">\n\n\t\t<div class=\"contentboxes-wrap none\"  >\n\t\t\t\t\t<div class=\"contentboxes-masonry\">\n\n\t\t\t\t<div class=\"grid-sizer-contentboxes\"><\/div>\n\n\t\t\t\t\n\t\t\t\t<div class=\"content-box- contentboxes-image-wrap bg-color half-width square mobile-uncropped   content-white no-vertical-text has-content cb-mobile-content-leave cb-mobile-content-vertical-leave\"  data-aos=\"fade-up\" data-aos-delay=\"100\"   style=\"order:2\"  >\n\n\t\t\t\t\t<div class=\"contentboxes-image-wrap-inner\">\n\n\t\t\t\t\t\n\t\t\t\t\t\t<div class=\"contentboxes-zoom-wrap\">\n\t\t\t\t\t\t\n\t\t\t\t\t\t\n\t\t\t\t\t\t\n\t\t\t\t\t\t\t<div class=\"contentboxes-content-wrap centered-content contentboxes-content-center contentboxes-content-middle\"  style=\"background-color: #171817\"  >\n\n\t\t\t\t\t\t\t\t\t\t\t\t\t\t\t\t<div class=\"contentboxes-content section-content\">\n\t\t\t\t\t\t\t\t\t\t\t\t\t\t\t\t\t\t\t\t\t\t\t\t\t\t\t\t\t\t\t\t\t\t                \t<h1  class=\"contentboxes-content-item contentboxes-title\"  data-aos=\"slide-up\"  >Amzokulinar <br> Local Gastronomic Point<\/h1>\n\t\t\t\t\t\t\t                \t\t\t\t\t\t\t                \t\t\t\t\t\t\t                \t\t\t\t\t\t\t                \t<div class=\"contentboxes-content-item contentboxes-text\"  data-aos=\"fade-right\" data-aos-delay=\"340\"  ><h3>Come find out what memories taste like!<\/h3> <br \/>At Amzokulinar, each dish is carefully prepared with fresh, seasonal ingredients, picked from our own garden. Our cellar and pantry are filled with the flavours of the past!<\/div>\n\t\t\t\t\t\t\t                \t\t\t\t\t\t\t                \t\t\t\t\t\t        \t<\/div>\n\t\t\t\t\t\t        \t\n\t\t\t\t\t\t\t\t\t\t\t\t\t\n\t\t\t\t\t\t<\/div>\n\t\t\t\t\t<\/div>\n\t\t\t\t\t<\/div>\n\n\t\t\t\t\t\t   \t \n\t\t\t\t<\/div>\n\t\t\t\t\t\n\t\t\t\n\t\t\t\t<div class=\"content-box-13058 contentboxes-image-wrap bg-image half-width square mobile-uncropped   content-white no-vertical-text no-content cb-mobile-content-leave cb-mobile-content-vertical-leave\"  data-aos=\"fade-up\" data-aos-delay=\"200\"   style=\"order:1\"  >\n\n\t\t\t\t\t<div class=\"contentboxes-image-wrap-inner\">\n\n\t\t\t\t\t\n\t\t\t\t\t\t<div class=\"contentboxes-zoom-wrap\">\n\t\t\t\t\t\t\n\t\t\t\t\t\t\t\t\t\t\t\t\t<div class=\"contentboxbgimage\" style=\"background-image: url(https:\/\/amzokulinar.ro\/wp-content\/uploads\/2024\/06\/1.jpg);\"><\/div> \n\t\t\t\t\t\t\t\t\t\t\t\t<div class=\"contentbox-overlay   gradient-contentboxes-content-middle\" >\n\t\t\t\t\t\t\n\t\t\t\t\t\t\t<div class=\"contentboxes-content-wrap centered-content contentboxes-content-center contentboxes-content-middle\"  >\n\n\t\t\t\t\t\t\t\t\n\t\t\t\t\t\t\t\t\t\t\t\t\t\t<\/div>\n\t\t\t\t\t\t\t\t\t\t\t\t\t\n\t\t\t\t\t\t<\/div>\n\t\t\t\t\t<\/div>\n\t\t\t\t\t<\/div>\n\n\t\t\t\t\t\t   \t \n\t\t\t\t<\/div>\n\t\t\t\t\t\n\t\t\t\t\t\t<\/div>\n\t\t\t\t<\/div>\n\n\t<\/section> \n\n\n\n\n\t<section id=\"contentboxes-mb-block-e69d845c-27c5-47d1-8901-fefaf58957b4\" class=\"section section-contentboxes  alignfull\">\n\n\t\t<div class=\"contentboxes-wrap none\"  >\n\t\t\t\t\t<div class=\"contentboxes-masonry\">\n\n\t\t\t\t<div class=\"grid-sizer-contentboxes\"><\/div>\n\n\t\t\t\t\n\t\t\t\t<div class=\"content-box-13060 contentboxes-image-wrap bg-image half-width square mobile-uncropped   content-dark no-vertical-text no-content cb-mobile-content-leave cb-mobile-content-vertical-leave\"  data-aos=\"fade-up\" data-aos-delay=\"100\"   >\n\n\t\t\t\t\t<div class=\"contentboxes-image-wrap-inner\">\n\n\t\t\t\t\t\n\t\t\t\t\t\t<div class=\"contentboxes-zoom-wrap\">\n\t\t\t\t\t\t\n\t\t\t\t\t\t\t\t\t\t\t\t\t<div class=\"contentboxbgimage\" style=\"background-image: url(https:\/\/amzokulinar.ro\/wp-content\/uploads\/2024\/06\/2.jpg);\"><\/div> \n\t\t\t\t\t\t\t\t\t\t\t\t<div class=\"contentbox-overlay   gradient-contentboxes-content-middle\" >\n\t\t\t\t\t\t\n\t\t\t\t\t\t\t<div class=\"contentboxes-content-wrap centered-content contentboxes-content-center contentboxes-content-middle\"  >\n\n\t\t\t\t\t\t\t\t\n\t\t\t\t\t\t\t\t\t\t\t\t\t\t<\/div>\n\t\t\t\t\t\t\t\t\t\t\t\t\t\n\t\t\t\t\t\t<\/div>\n\t\t\t\t\t<\/div>\n\t\t\t\t\t<\/div>\n\n\t\t\t\t\t\t   \t \n\t\t\t\t<\/div>\n\t\t\t\t\t\n\t\t\t\n\t\t\t\t<div class=\"content-box- contentboxes-image-wrap bg-none half-width square mobile-uncropped    no-vertical-text has-content cb-mobile-content-center cb-mobile-content-vertical-leave\"  data-aos=\"fade-up\" data-aos-delay=\"200\"   >\n\n\t\t\t\t\t<div class=\"contentboxes-image-wrap-inner\">\n\n\t\t\t\t\t\n\t\t\t\t\t\t<div class=\"contentboxes-zoom-wrap\">\n\t\t\t\t\t\t\n\t\t\t\t\t\t\n\t\t\t\t\t\t\n\t\t\t\t\t\t\t<div class=\"contentboxes-content-wrap centered-content contentboxes-content-left contentboxes-content-middle\"  >\n\n\t\t\t\t\t\t\t\t\t\t\t\t\t\t\t\t<div class=\"contentboxes-content section-content\">\n\t\t\t\t\t\t\t\t\t\t\t\t\t\t\t\t\t\t\t\t\t\t\t\t\t\t\t\t\t\t\t\t\t\t                \t<h2  class=\"contentboxes-content-item contentboxes-title\"  data-aos=\"slide-up\"  >A different culinary experience<\/h2>\n\t\t\t\t\t\t\t                \t\t\t\t\t\t\t                \t\t\t\t\t\t\t                \t\t\t\t\t\t\t                \t<div class=\"contentboxes-content-item contentboxes-text\"  data-aos=\"fade-right\" data-aos-delay=\"340\"  >With family, friends, office colleagues or even members of a delegation, coming from abroad for an important contract, here you can enjoy an intimate and peaceful lunch or dinner, prepared with organic products of the finest quality.<\/div>\n\t\t\t\t\t\t\t                \t\t\t\t\t\t\t                \t\t\t\t\t\t        \t<\/div>\n\t\t\t\t\t\t        \t\n\t\t\t\t\t\t\t\t\t\t\t\t\t\n\t\t\t\t\t\t<\/div>\n\t\t\t\t\t<\/div>\n\t\t\t\t\t<\/div>\n\n\t\t\t\t\t\t   \t \n\t\t\t\t<\/div>\n\t\t\t\t\t\n\t\t\t\t\t\t<\/div>\n\t\t\t\t<\/div>\n\n\t<\/section> \n\n\n\n\n\t<section id=\"contentboxes-mb-block-4d3eff6a-8f32-473c-b6a8-cc4c5a889b86\" class=\"section section-contentboxes  alignfull\">\n\n\t\t<div class=\"contentboxes-wrap none\"  >\n\t\t\t\t\t<div class=\"contentboxes-masonry\">\n\n\t\t\t\t<div class=\"grid-sizer-contentboxes\"><\/div>\n\n\t\t\t\t\n\t\t\t\t<div class=\"content-box- contentboxes-image-wrap bg-none half-width square mobile-uncropped   content-dark has-vertical-text has-content cb-mobile-content-center cb-mobile-content-vertical-leave\"  data-aos=\"fade-up\" data-aos-delay=\"100\"   style=\"order:2\"  >\n\n\t\t\t\t\t<div class=\"contentboxes-image-wrap-inner\">\n\n\t\t\t\t\t\n\t\t\t\t\t\t<div class=\"contentboxes-zoom-wrap\">\n\t\t\t\t\t\t\n\t\t\t\t\t\t\n\t\t\t\t\t\t\n\t\t\t\t\t\t\t<div class=\"contentboxes-content-wrap centered-content contentboxes-content-center contentboxes-content-middle\"  >\n\n\t\t\t\t\t\t\t\t\t\t\t\t\t\t\t\t<div class=\"contentboxes-content section-content\">\n\t\t\t\t\t\t\t\t\t\t\t\t\t\t\t\t\t\t\t<span class=\"contentboxes-vertical vertical-text use-body-font\">From garden to plate<\/span>\n\t\t\t\t\t\t\t\t\t\t\t\t\t\t\t\t\t\t\t\t\t\t\t\t\t\t\t\t\t\t\t\t\t\t                \t<h2  class=\"contentboxes-content-item contentboxes-title\"  data-aos=\"slide-up\"  >From Tuesday to Saturday, you're welcome for a complete culinary treat<\/h2>\n\t\t\t\t\t\t\t                \t\t\t\t\t\t\t                \t\t\t\t\t\t\t                \t\t\t\t\t\t\t                \t<div class=\"contentboxes-content-item contentboxes-text\"  data-aos=\"fade-right\" data-aos-delay=\"340\"  >Here are some things you need to know before your first visit to our LGP: <br \/>\r\n\r\n- We serve area-specific seasonal dishes.<br \/>  \r\n\r\n- Each dish is prepared with freshly picked vegetables from the garden and with 100% natural ingredients from the host\u2019s pantry or from other local producers in the area.<br \/>\r\n\r\n- You will set the menu with your host at the time of booking, 1-2 days before the visit. <br \/>\r\n\r\n- The menu contains between 6 and 9 dishes, starting with appetizers to dessert and coffee, plus local drinks (house rachiu, vi\u0219inat\u0103 (sour cherry liqueur), wine, and more). <br \/>\r\n\r\n- The reservation is made for either lunch or dinner. No matter what time of day you choose, free up your schedule for at least 3 hours so you can enjoy the varied dishes in peace. <br \/>\r\n\r\n&#8211; <strong>Each menu costs 350 lei\/person<\/strong>, and payment can be made in cash, by card or bank transfer. Children up to 10 years old are free of charge. \r\n\r\n<\/div>\n\t\t\t\t\t\t\t                \t\t\t\t\t\t\t                \t\t\t\t\t\t        \t<\/div>\n\t\t\t\t\t\t        \t\n\t\t\t\t\t\t\t\t\t\t\t\t\t\n\t\t\t\t\t\t<\/div>\n\t\t\t\t\t<\/div>\n\t\t\t\t\t<\/div>\n\n\t\t\t\t\t\t   \t \n\t\t\t\t<\/div>\n\t\t\t\t\t\n\t\t\t\n\t\t\t\t<div class=\"content-box-13061 contentboxes-image-wrap bg-video half-width square mobile-uncropped    no-vertical-text no-content cb-mobile-content-leave cb-mobile-content-vertical-leave\"  data-aos=\"fade-up\" data-aos-delay=\"200\"   style=\"order:1\"  >\n\n\t\t\t\t\t<div class=\"contentboxes-image-wrap-inner\">\n\n\t\t\t\t\t\n\t\t\t\t\t\t<div class=\"contentboxes-zoom-wrap\">\n\t\t\t\t\t\t\n\t\t\t\t\t\t\t\t\t\t\t\t    \t\t<video autoplay muted loop playsinline class=\"contentboxbgvideo\" src=\"https:\/\/amzokulinar.ro\/wp-content\/uploads\/2024\/06\/Locatie-Sanandrei.mp4\"><\/video>\n\t\t\t\t\t\t\t\t\n\t\t\t\t\t\t\t\t\t\t\t\t<div class=\"contentbox-overlay   gradient-contentboxes-content-middle\" >\n\t\t\t\t\t\t\n\t\t\t\t\t\t\t<div class=\"contentboxes-content-wrap centered-content contentboxes-content-center contentboxes-content-middle\"  >\n\n\t\t\t\t\t\t\t\t\n\t\t\t\t\t\t\t\t\t\t\t\t\t\t<\/div>\n\t\t\t\t\t\t\t\t\t\t\t\t\t\n\t\t\t\t\t\t<\/div>\n\t\t\t\t\t<\/div>\n\t\t\t\t\t<\/div>\n\n\t\t\t\t\t\t   \t \n\t\t\t\t<\/div>\n\t\t\t\t\t\n\t\t\t\t\t\t<\/div>\n\t\t\t\t<\/div>\n\n\t<\/section> \n\n\n\n\n\t<section id=\"contentboxes-mb-block-5eeca76e-ff94-453a-8d87-bfc9083d2b2b\" class=\"section section-contentboxes  alignfull\">\n\n\t\t<div class=\"contentboxes-wrap none\"  >\n\t\t\t\t\t<div class=\"contentboxes-masonry\">\n\n\t\t\t\t<div class=\"grid-sizer-contentboxes\"><\/div>\n\n\t\t\t\t\n\t\t\t\t<div class=\"content-box-13061 contentboxes-image-wrap bg-image half-width square mobile-uncropped   content-dark no-vertical-text no-content cb-mobile-content-leave cb-mobile-content-vertical-leave\"  data-aos=\"fade-up\" data-aos-delay=\"100\"   >\n\n\t\t\t\t\t<div class=\"contentboxes-image-wrap-inner\">\n\n\t\t\t\t\t\n\t\t\t\t\t\t<div class=\"contentboxes-zoom-wrap\">\n\t\t\t\t\t\t\n\t\t\t\t\t\t\t\t\t\t\t\t\t<div class=\"contentboxbgimage\" style=\"background-image: url(https:\/\/amzokulinar.ro\/wp-content\/uploads\/2024\/06\/4.jpg);\"><\/div> \n\t\t\t\t\t\t\t\t\t\t\t\t<div class=\"contentbox-overlay   gradient-contentboxes-content-middle\" >\n\t\t\t\t\t\t\n\t\t\t\t\t\t\t<div class=\"contentboxes-content-wrap centered-content contentboxes-content-center contentboxes-content-middle\"  >\n\n\t\t\t\t\t\t\t\t\n\t\t\t\t\t\t\t\t\t\t\t\t\t\t<\/div>\n\t\t\t\t\t\t\t\t\t\t\t\t\t\n\t\t\t\t\t\t<\/div>\n\t\t\t\t\t<\/div>\n\t\t\t\t\t<\/div>\n\n\t\t\t\t\t\t   \t \n\t\t\t\t<\/div>\n\t\t\t\t\t\n\t\t\t\n\t\t\t\t<div class=\"content-box- contentboxes-image-wrap  half-width uncropped mobile-uncropped    no-vertical-text has-content cb-mobile-content-center cb-mobile-content-vertical-leave\"  data-aos=\"fade-up\" data-aos-delay=\"200\"   >\n\n\t\t\t\t\t<div class=\"contentboxes-image-wrap-inner\">\n\n\t\t\t\t\t\n\t\t\t\t\t\t<div class=\"contentboxes-zoom-wrap\">\n\t\t\t\t\t\t\n\t\t\t\t\t\t\n\t\t\t\t\t\t\n\t\t\t\t\t\t\t<div class=\"contentboxes-content-wrap centered-content contentboxes-content-left contentboxes-content-middle\"  >\n\n\t\t\t\t\t\t\t\t\t\t\t\t\t\t\t\t<div class=\"contentboxes-content section-content\">\n\t\t\t\t\t\t\t\t\t\t\t\t\t\t\t\t\t\t\t\t\t\t\t\t\t\t\t\t\t\t\t\t\t\t                \t<h3  class=\"contentboxes-content-item contentboxes-title translation-block\"  data-aos=\"slide-up\"  >Our Menu<\/h3>\n\t\t\t\t\t\t\t                \t\t\t\t\t\t\t                \t\t\t\t\t\t\t                \t\t\t\t\t\t\t                \t<div class=\"contentboxes-content-item contentboxes-text\"  data-aos=\"fade-right\" data-aos-delay=\"340\"  >Below you will find some of the dishes that you will be able to enjoy from the menu that we will establish together at the time of booking. These are displayed for presentation purposes and can be selected, grouped or modified according to the season and your preferences. <strong>Each menu costs 350 lei\/person, children up to 10 years old are free of charge.<\/strong><\/div>\n\t\t\t\t\t\t\t                \t\t\t\t\t\t\t                \t\t\t\t\t\t\t                \t<div class=\"contentboxes-content-item contentboxes-button-wrap\">\n\t\t\t\t\t\t\t\t\t\t\t<a href=\"\/en\/meniu\/\" class=\"contentboxes-button button button-outline\"  data-aos=\"fade-up\" data-aos-delay=\"380\"  >\n\t\t\t\t\t\t\t\t\t\t\tINFORMATIVE MENU\t\t\t\t\t\t\t\t\t\t\t<\/a>\n\t\t\t\t\t\t\t\t\t\t<\/div>\n\t\t\t\t\t\t\t                \t\t\t\t\t\t        \t<\/div>\n\t\t\t\t\t\t        \t\n\t\t\t\t\t\t\t\t\t\t\t\t\t\n\t\t\t\t\t\t<\/div>\n\t\t\t\t\t<\/div>\n\t\t\t\t\t<\/div>\n\n\t\t\t\t\t\t   \t \n\t\t\t\t<\/div>\n\t\t\t\t\t\n\t\t\t\t\t\t<\/div>\n\t\t\t\t<\/div>\n\n\t<\/section> \n\n\n\n\n\t<section id=\"contentboxes-mb-block-d71e132e-9508-4658-859f-a952c05167d6\" class=\"section section-contentboxes  alignfull\">\n\n\t\t<div class=\"contentboxes-wrap none\"  style=\"background-color:#000000\"  >\n\t\t\t\t\t<div class=\"contentboxes-masonry\">\n\n\t\t\t\t<div class=\"grid-sizer-contentboxes\"><\/div>\n\n\t\t\t\t\n\t\t\t\t<div class=\"content-box- contentboxes-image-wrap  half-width uncropped mobile-uncropped   content-white no-vertical-text has-content cb-mobile-content-leave cb-mobile-content-vertical-leave\"  data-aos=\"fade-up\" data-aos-delay=\"100\"   >\n\n\t\t\t\t\t<div class=\"contentboxes-image-wrap-inner\">\n\n\t\t\t\t\t\n\t\t\t\t\t\t<div class=\"contentboxes-zoom-wrap\">\n\t\t\t\t\t\t\n\t\t\t\t\t\t\n\t\t\t\t\t\t\n\t\t\t\t\t\t\t<div class=\"contentboxes-content-wrap centered-content contentboxes-content-center contentboxes-content-middle\"  >\n\n\t\t\t\t\t\t\t\t\t\t\t\t\t\t\t\t<div class=\"contentboxes-content section-content\">\n\t\t\t\t\t\t\t\t\t\t\t\t\t\t\t\t\t\t\t\t\t\t\t\t\t\t\t\t\t\t\t\t\t\t                \t<h2  class=\"contentboxes-content-item contentboxes-title\"  data-aos=\"slide-up\"  >Other activities we can organise<\/h2>\n\t\t\t\t\t\t\t                \t\t\t\t\t\t\t                \t\t\t\t\t\t\t                \t\t\t\t\t\t\t                \t<div class=\"contentboxes-content-item contentboxes-text\"  data-aos=\"fade-right\" data-aos-delay=\"340\"  ><br>\r\n\r\n- Visits in the garden\/greenhouse;<br>\r\n\r\n- Picking of the vegetables that will be cooked;<br>\r\n\r\n- If the menu contains pizza or focaccia, children (and not only them) can join in the preparation process;<br>\r\n\r\n- Baking the bread in the wood-fired oven;<br>\r\n\r\n- Roasting peppers, eggplants or other seasonal vegetables for salads or ajvar on a wood-fired stove;<br>\r\n\r\n- How to make your own sourdough for bread, which you can take with you when you leave;<br>\r\n\r\n- How to make jam, zacusc\u0103 (vegetable spread) or bulion (tomato sauce), when we are in season;<br>\r\n\r\n- Picking and eating cherries to your heart\u2019s content;<br>\r\n\r\n- Homemade soap making workshop, in season;<br>\r\n\r\n- Rest between meals in hammocks, in the shade of the orchard trees; For those who want to continue the culinary feast the next day, we offer the possibility of a good night's sleep with a 10% discount gift vouchers at Armina's Residence, our partners based in Dumbravita.<br><br>\r\n<a class=\"inline-btn\" href=\"https:\/\/www.arminas-residence.ro\/\" target=\"_blank\">Armina&#8217;s Residence<\/a><br><br>\r\n\r\n\r\n\u2013 Bike rides in and around the village; <br>\r\n\r\n\u2013 Wine tasting in the Daiconi-Minis vineyard; <br><br>\r\n<a class=\"inline-btn\" href=\"https:\/\/www.daiconi.ro\/\" target=\"_blank\">see details<\/a><br><br>\r\n\r\n\u2013 Bicycle or off-road vehicle rides (depending on the season) in the Banat Delta; <br><br>\r\n\r\n<a class=\"inline-btn\" href=\"https:\/\/www.youtube.com\/watch?v=9zAbU4Q4bHQ\" target=\"_blank\">see presentation video<\/a>\r\n\r\n<\/div>\n\t\t\t\t\t\t\t                \t\t\t\t\t\t\t                \t\t\t\t\t\t        \t<\/div>\n\t\t\t\t\t\t        \t\n\t\t\t\t\t\t\t\t\t\t\t\t\t\n\t\t\t\t\t\t<\/div>\n\t\t\t\t\t<\/div>\n\t\t\t\t\t<\/div>\n\n\t\t\t\t\t\t   \t \n\t\t\t\t<\/div>\n\t\t\t\t\t\n\t\t\t\n\t\t\t\t<div class=\"content-box-14210 contentboxes-image-wrap bg-image half-width uncropped mobile-uncropped    no-vertical-text no-content cb-mobile-content-leave cb-mobile-content-vertical-leave\"  data-aos=\"fade-up\" data-aos-delay=\"200\"   >\n\n\t\t\t\t\t<div class=\"contentboxes-image-wrap-inner\">\n\n\t\t\t\t\t\n\t\t\t\t\t\t<div class=\"contentboxes-zoom-wrap\">\n\t\t\t\t\t\t\n\t\t\t\t\t\t\t\t\t\t\t\t\t<div class=\"contentboxbgimage\" style=\"background-image: url(https:\/\/amzokulinar.ro\/wp-content\/uploads\/2024\/08\/amzo842-1600x1600.jpg);\"><\/div> \n\t\t\t\t\t\t\t\t\t\t\t\t<div class=\"contentbox-overlay   gradient-contentboxes-content-top\" >\n\t\t\t\t\t\t\n\t\t\t\t\t\t\t<div class=\"contentboxes-content-wrap centered-content contentboxes-content-center contentboxes-content-top\"  >\n\n\t\t\t\t\t\t\t\t\n\t\t\t\t\t\t\t\t\t\t\t\t\t\t<\/div>\n\t\t\t\t\t\t\t\t\t\t\t\t\t\n\t\t\t\t\t\t<\/div>\n\t\t\t\t\t<\/div>\n\t\t\t\t\t<\/div>\n\n\t\t\t\t\t\t   \t \n\t\t\t\t<\/div>\n\t\t\t\t\t\n\t\t\t\t\t\t<\/div>\n\t\t\t\t<\/div>\n\n\t<\/section>","protected":false},"excerpt":{"rendered":"","protected":false},"author":1,"featured_media":0,"parent":0,"menu_order":27,"comment_status":"closed","ping_status":"closed","template":"","meta":{"ngg_post_thumbnail":0,"footnotes":""},"class_list":["post-1305","page","type-page","status-publish","hentry"],"yoast_head":"<!-- This site is optimized with the Yoast SEO plugin v26.8 - https:\/\/yoast.com\/product\/yoast-seo-wordpress\/ -->\n<title>Despre noi - AmzoKulinar<\/title>\n<meta name=\"description\" content=\"La Amzokulinar fiecare fel de m\u00e2ncare este atent preparat cu ingrediente proaspete, de sezon, culese din propria gr\u0103din\u0103.\" \/>\n<meta name=\"robots\" content=\"index, follow, max-snippet:-1, max-image-preview:large, max-video-preview:-1\" \/>\n<link rel=\"canonical\" href=\"https:\/\/amzokulinar.ro\/en\/despre-noi\/\" \/>\n<meta property=\"og:locale\" content=\"en_US\" \/>\n<meta property=\"og:type\" content=\"article\" \/>\n<meta property=\"og:title\" content=\"Despre noi - AmzoKulinar\" \/>\n<meta property=\"og:description\" content=\"La Amzokulinar fiecare fel de m\u00e2ncare este atent preparat cu ingrediente proaspete, de sezon, culese din propria gr\u0103din\u0103.\" \/>\n<meta property=\"og:url\" content=\"https:\/\/amzokulinar.ro\/en\/despre-noi\/\" \/>\n<meta property=\"og:site_name\" content=\"AmzoKulinar\" \/>\n<meta property=\"article:modified_time\" content=\"2024-09-03T11:04:04+00:00\" \/>\n<meta name=\"twitter:card\" content=\"summary_large_image\" \/>\n<script type=\"application\/ld+json\" class=\"yoast-schema-graph\">{\"@context\":\"https:\/\/schema.org\",\"@graph\":[{\"@type\":\"WebPage\",\"@id\":\"https:\/\/amzokulinar.ro\/despre-noi\/\",\"url\":\"https:\/\/amzokulinar.ro\/despre-noi\/\",\"name\":\"Despre noi - AmzoKulinar\",\"isPartOf\":{\"@id\":\"https:\/\/amzokulinar.ro\/#website\"},\"datePublished\":\"2020-06-14T12:08:23+00:00\",\"dateModified\":\"2024-09-03T11:04:04+00:00\",\"description\":\"La Amzokulinar fiecare fel de m\u00e2ncare este atent preparat cu ingrediente proaspete, de sezon, culese din propria gr\u0103din\u0103.\",\"breadcrumb\":{\"@id\":\"https:\/\/amzokulinar.ro\/despre-noi\/#breadcrumb\"},\"inLanguage\":\"en-US\",\"potentialAction\":[{\"@type\":\"ReadAction\",\"target\":[\"https:\/\/amzokulinar.ro\/despre-noi\/\"]}]},{\"@type\":\"BreadcrumbList\",\"@id\":\"https:\/\/amzokulinar.ro\/despre-noi\/#breadcrumb\",\"itemListElement\":[{\"@type\":\"ListItem\",\"position\":1,\"name\":\"Prima pagin\u0103\",\"item\":\"https:\/\/amzokulinar.ro\/\"},{\"@type\":\"ListItem\",\"position\":2,\"name\":\"Despre noi\"}]},{\"@type\":\"WebSite\",\"@id\":\"https:\/\/amzokulinar.ro\/#website\",\"url\":\"https:\/\/amzokulinar.ro\/\",\"name\":\"AmzoKulinar\",\"description\":\"Arome din gr\u0103dina noastr\u0103\",\"publisher\":{\"@id\":\"https:\/\/amzokulinar.ro\/#organization\"},\"potentialAction\":[{\"@type\":\"SearchAction\",\"target\":{\"@type\":\"EntryPoint\",\"urlTemplate\":\"https:\/\/amzokulinar.ro\/?s={search_term_string}\"},\"query-input\":{\"@type\":\"PropertyValueSpecification\",\"valueRequired\":true,\"valueName\":\"search_term_string\"}}],\"inLanguage\":\"en-US\"},{\"@type\":\"Organization\",\"@id\":\"https:\/\/amzokulinar.ro\/#organization\",\"name\":\"AmzoKulinar\",\"url\":\"https:\/\/amzokulinar.ro\/\",\"logo\":{\"@type\":\"ImageObject\",\"inLanguage\":\"en-US\",\"@id\":\"https:\/\/amzokulinar.ro\/#\/schema\/logo\/image\/\",\"url\":\"https:\/\/amzokulinar.ro\/wp-content\/uploads\/2025\/07\/Amzo-site-500x100-copy.png\",\"contentUrl\":\"https:\/\/amzokulinar.ro\/wp-content\/uploads\/2025\/07\/Amzo-site-500x100-copy.png\",\"width\":500,\"height\":100,\"caption\":\"AmzoKulinar\"},\"image\":{\"@id\":\"https:\/\/amzokulinar.ro\/#\/schema\/logo\/image\/\"}}]}<\/script>\n<!-- \/ Yoast SEO plugin. -->","yoast_head_json":{"title":"Despre noi - AmzoKulinar","description":"La Amzokulinar fiecare fel de m\u00e2ncare este atent preparat cu ingrediente proaspete, de sezon, culese din propria gr\u0103din\u0103.","robots":{"index":"index","follow":"follow","max-snippet":"max-snippet:-1","max-image-preview":"max-image-preview:large","max-video-preview":"max-video-preview:-1"},"canonical":"https:\/\/amzokulinar.ro\/en\/despre-noi\/","og_locale":"en_US","og_type":"article","og_title":"Despre noi - AmzoKulinar","og_description":"La Amzokulinar fiecare fel de m\u00e2ncare este atent preparat cu ingrediente proaspete, de sezon, culese din propria gr\u0103din\u0103.","og_url":"https:\/\/amzokulinar.ro\/en\/despre-noi\/","og_site_name":"AmzoKulinar","article_modified_time":"2024-09-03T11:04:04+00:00","twitter_card":"summary_large_image","schema":{"@context":"https:\/\/schema.org","@graph":[{"@type":"WebPage","@id":"https:\/\/amzokulinar.ro\/despre-noi\/","url":"https:\/\/amzokulinar.ro\/despre-noi\/","name":"Despre noi - AmzoKulinar","isPartOf":{"@id":"https:\/\/amzokulinar.ro\/#website"},"datePublished":"2020-06-14T12:08:23+00:00","dateModified":"2024-09-03T11:04:04+00:00","description":"La Amzokulinar fiecare fel de m\u00e2ncare este atent preparat cu ingrediente proaspete, de sezon, culese din propria gr\u0103din\u0103.","breadcrumb":{"@id":"https:\/\/amzokulinar.ro\/despre-noi\/#breadcrumb"},"inLanguage":"en-US","potentialAction":[{"@type":"ReadAction","target":["https:\/\/amzokulinar.ro\/despre-noi\/"]}]},{"@type":"BreadcrumbList","@id":"https:\/\/amzokulinar.ro\/despre-noi\/#breadcrumb","itemListElement":[{"@type":"ListItem","position":1,"name":"Prima pagin\u0103","item":"https:\/\/amzokulinar.ro\/"},{"@type":"ListItem","position":2,"name":"Despre noi"}]},{"@type":"WebSite","@id":"https:\/\/amzokulinar.ro\/#website","url":"https:\/\/amzokulinar.ro\/","name":"AmzoKulinar","description":"Flavours from our garden","publisher":{"@id":"https:\/\/amzokulinar.ro\/#organization"},"potentialAction":[{"@type":"SearchAction","target":{"@type":"EntryPoint","urlTemplate":"https:\/\/amzokulinar.ro\/?s={search_term_string}"},"query-input":{"@type":"PropertyValueSpecification","valueRequired":true,"valueName":"search_term_string"}}],"inLanguage":"en-US"},{"@type":"Organization","@id":"https:\/\/amzokulinar.ro\/#organization","name":"AmzoKulinar","url":"https:\/\/amzokulinar.ro\/","logo":{"@type":"ImageObject","inLanguage":"en-US","@id":"https:\/\/amzokulinar.ro\/#\/schema\/logo\/image\/","url":"https:\/\/amzokulinar.ro\/wp-content\/uploads\/2025\/07\/Amzo-site-500x100-copy.png","contentUrl":"https:\/\/amzokulinar.ro\/wp-content\/uploads\/2025\/07\/Amzo-site-500x100-copy.png","width":500,"height":100,"caption":"AmzoKulinar"},"image":{"@id":"https:\/\/amzokulinar.ro\/#\/schema\/logo\/image\/"}}]}},"_links":{"self":[{"href":"https:\/\/amzokulinar.ro\/en\/wp-json\/wp\/v2\/pages\/1305","targetHints":{"allow":["GET"]}}],"collection":[{"href":"https:\/\/amzokulinar.ro\/en\/wp-json\/wp\/v2\/pages"}],"about":[{"href":"https:\/\/amzokulinar.ro\/en\/wp-json\/wp\/v2\/types\/page"}],"author":[{"embeddable":true,"href":"https:\/\/amzokulinar.ro\/en\/wp-json\/wp\/v2\/users\/1"}],"replies":[{"embeddable":true,"href":"https:\/\/amzokulinar.ro\/en\/wp-json\/wp\/v2\/comments?post=1305"}],"version-history":[{"count":108,"href":"https:\/\/amzokulinar.ro\/en\/wp-json\/wp\/v2\/pages\/1305\/revisions"}],"predecessor-version":[{"id":14491,"href":"https:\/\/amzokulinar.ro\/en\/wp-json\/wp\/v2\/pages\/1305\/revisions\/14491"}],"wp:attachment":[{"href":"https:\/\/amzokulinar.ro\/en\/wp-json\/wp\/v2\/media?parent=1305"}],"curies":[{"name":"wp","href":"https:\/\/api.w.org\/{rel}","templated":true}]}}